{"id":915,"date":"2020-06-21T11:19:38","date_gmt":"2020-06-21T09:19:38","guid":{"rendered":"http:\/\/stopmines81.org\/?page_id=915"},"modified":"2020-06-22T04:38:27","modified_gmt":"2020-06-22T02:38:27","slug":"comprendre-pour-mieux-se-defendre","status":"publish","type":"page","link":"https:\/\/stopmines81.org\/index.php\/les-faces-cachees-du-projet\/comprendre-pour-mieux-se-defendre\/","title":{"rendered":"Comprendre pour mieux se d\u00e9fendre\u00a0!"},"content":{"rendered":"\n<p style=\"font-size:18px\">Le Code minier pr\u00e9voit deux sortes de titres miniers&nbsp;: le permis exclusif de recherche (PER) et la concession.<br>Le permis de recherche s\u2019applique aux travaux d\u2019exploration en vue de d\u00e9couvrir et\/ou de caract\u00e9riser des gisements de substances. Son titulaire, en l\u2019obtenant, acquiert <strong>l\u2019exclusivit\u00e9 du droit de recherche sur un secteur g\u00e9ographique<\/strong> ainsi que la possibilit\u00e9 exclusive de demander une concession sur la zone du permis.<br>La concession est l\u2019acte par lequel l\u2019\u00c9tat accorde \u00e0 une personne le droit d\u2019exploiter (extraire du sol et en faire commerce) des substances. Son titulaire, en l\u2019obtenant, acquiert <strong>un droit exclusif d\u2019exploiter une ou des substances min\u00e9rales d\u00e9clar\u00e9es<\/strong> dans un p\u00e9rim\u00e8tre d\u00e9fini.<\/p>\n\n\n\n<p style=\"font-size:22px\" class=\"has-text-color has-background has-text-align-center has-very-dark-gray-color has-very-light-gray-background-color\"><strong>Alors \u00e0 quoi peuvent bien correspondre les zones balis\u00e9es sur la carte que vous avez pu d\u00e9couvrir en reconstituant notre puzzle&nbsp;?<\/strong><\/p>\n\n\n\n<figure class=\"wp-block-image size-large\"><img loading=\"lazy\" width=\"1024\" height=\"973\" src=\"http:\/\/stopmines81.org\/wp-content\/uploads\/2020\/06\/zonepzuzzle-1024x973.png\" alt=\"\" class=\"wp-image-916\" srcset=\"https:\/\/stopmines81.org\/wp-content\/uploads\/2020\/06\/zonepzuzzle-1024x973.png 1024w, https:\/\/stopmines81.org\/wp-content\/uploads\/2020\/06\/zonepzuzzle-300x285.png 300w, https:\/\/stopmines81.org\/wp-content\/uploads\/2020\/06\/zonepzuzzle-768x730.png 768w, https:\/\/stopmines81.org\/wp-content\/uploads\/2020\/06\/zonepzuzzle-1536x1460.png 1536w, https:\/\/stopmines81.org\/wp-content\/uploads\/2020\/06\/zonepzuzzle-2048x1947.png 2048w\" sizes=\"(max-width: 1024px) 100vw, 1024px\" \/><\/figure>\n\n\n\n<p style=\"font-size:18px\">La zone rouge, d\u00e9limit\u00e9e par les points A, B, C, D, E, F, repr\u00e9sente le p\u00e9rim\u00e8tre de la concession dite de \u00ab\u00a0Cadoul\u00a0\u00bb accord\u00e9e par d\u00e9cret <a href=\"https:\/\/www.legifrance.gouv.fr\/affichTexte.do;jsessionid=2444787B9B71493899DB72B076935B69.tplgfr30s_1?cidTexte=JORFTEXT000000315224&amp;dateTexte=&amp;oldAction=rechJO&amp;categorieLien=id&amp;idJO=JORFCONT000000025791\">le 29\/07\/1988<\/a> pour une dur\u00e9e de 25 ans \u00e0 la Soci\u00e9t\u00e9 Nationale Elf Aquitaine Production (SNEAP) en vue d\u2019exploiter le tungst\u00e8ne et des substances connexes sur une superficie de 7,34 km\u00b2.<br>La zone, d\u00e9limit\u00e9e par le trait orange, repr\u00e9sente le p\u00e9rim\u00e8tre pour lequel la SNEAP a obtenu une extension au permis de recherche initial (permis dit de \u00ab\u00a0Fumade\u00a0\u00bb, obtenu en 1980) accord\u00e9e par d\u00e9cret le 23\/05\/1985. La superficie du permis de recherche initial passait alors de 12,3 km\u00b2 \u00e0 42,3 km\u00b2 et son octroi offrait \u00e0 la soci\u00e9t\u00e9 l\u2019exclusivit\u00e9 pour une demande de concession ult\u00e9rieure sur toute la zone.<br>La concession de Cadoul a atteint sa limite de validit\u00e9 en 2013, heureusement sans faire l\u2019objet de travaux miniers. Et c\u2019est sur ces mots que nous aimerions voir se terminer cette petite histoire\u2026<\/p>\n\n\n\n<p style=\"font-size:22px\" class=\"has-background has-text-align-center has-luminous-vivid-amber-background-color\"><strong>Malheureusement pour le tungst\u00e8ne, pas de limite de validit\u00e9 ni date de p\u00e9remption. Il est et sera toujours l\u00e0&nbsp;!<\/strong><\/p>\n\n\n\n<p style=\"font-size:18px\">On avance un peu vers une date plus proche&nbsp;: le 7 ao\u00fbt 2018, Tungst\u00e8ne du Narbonnais d\u00e9pose une demande de permis de recherche mini\u00e8re, visant diff\u00e9rentes substances dont le tungst\u00e8ne, sur une superficie de 4,5 km\u00b2. La zone concern\u00e9e est peu ou prou incluse dans la zone de la concession de Cadoul de 1988. Vous pouvez voir sur le plan ci-dessous les d\u00e9limitations de toutes les zones dont nous venons de vous parler.<\/p>\n\n\n\n<figure class=\"wp-block-image size-large\"><img loading=\"lazy\" width=\"1024\" height=\"640\" src=\"http:\/\/stopmines81.org\/wp-content\/uploads\/2020\/06\/P\u00e9rim\u00e8tres-1024x640.jpg\" alt=\"\" class=\"wp-image-924\" srcset=\"https:\/\/stopmines81.org\/wp-content\/uploads\/2020\/06\/P\u00e9rim\u00e8tres-1024x640.jpg 1024w, https:\/\/stopmines81.org\/wp-content\/uploads\/2020\/06\/P\u00e9rim\u00e8tres-300x188.jpg 300w, https:\/\/stopmines81.org\/wp-content\/uploads\/2020\/06\/P\u00e9rim\u00e8tres-768x480.jpg 768w, https:\/\/stopmines81.org\/wp-content\/uploads\/2020\/06\/P\u00e9rim\u00e8tres-1536x960.jpg 1536w, https:\/\/stopmines81.org\/wp-content\/uploads\/2020\/06\/P\u00e9rim\u00e8tres.jpg 1680w\" sizes=\"(max-width: 1024px) 100vw, 1024px\" \/><\/figure>\n\n\n\n<p style=\"font-size:18px\">Voici un extrait de la demande de PERM faite par Tungst\u00e8ne du Narbonnais (Document administratif. Tome 1):<\/p>\n\n\n\n<figure class=\"wp-block-image size-large\"><img loading=\"lazy\" width=\"786\" height=\"165\" src=\"http:\/\/stopmines81.org\/wp-content\/uploads\/2020\/06\/170620_SM81_SITE_INTERNET.jpg\" alt=\"\" class=\"wp-image-918\" srcset=\"https:\/\/stopmines81.org\/wp-content\/uploads\/2020\/06\/170620_SM81_SITE_INTERNET.jpg 786w, https:\/\/stopmines81.org\/wp-content\/uploads\/2020\/06\/170620_SM81_SITE_INTERNET-300x63.jpg 300w, https:\/\/stopmines81.org\/wp-content\/uploads\/2020\/06\/170620_SM81_SITE_INTERNET-768x161.jpg 768w\" sizes=\"(max-width: 786px) 100vw, 786px\" \/><\/figure>\n\n\n\n<p style=\"font-size:18px\">Concernant la possibilit\u00e9 de mettre en exploitation le g\u00eete de tungst\u00e8ne de Fumade, pour nous aucun doute. L\u2019\u00c9tat n\u2019aurait jamais accord\u00e9 une pr\u00e9c\u00e9dente concession mini\u00e8re sans pr\u00e9sence d\u2019un gisement le justifiant. Tungst\u00e8ne du Narbonnais a publiquement d\u00e9clar\u00e9 venir ici pour cela. \u00c0 la lecture du second paragraphe, et apr\u00e8s analyse du dossier de demande de concession de Cadoul, dont Stop Mines 81 a pu obtenir une copie, cette possible extension s\u2019av\u00e8re tr\u00e8s inqui\u00e9tante. Nous sommes d\u2019ores et d\u00e9j\u00e0 \u00e0 la recherche de documents susceptibles de nous donner plus d\u2019informations et d\u2019\u00e9claircir ce que nous r\u00e9serve Tungst\u00e8ne du Narbonnais pour le futur. Et si &#8230;<\/p>\n\n\n\n<p style=\"font-size:22px\" class=\"has-text-color has-background has-text-align-center has-very-light-gray-color has-vivid-red-background-color\"><strong>Et si ce projet ne concernait pas seulement Fontrieu&nbsp;?<br>Et si ce projet \u00e9tait bien plus vaste, touchant aussi les communes de Brassac, d\u2019Esp\u00e9rausses, de Berlats et du Bez&nbsp;?<\/strong><\/p>\n","protected":false},"excerpt":{"rendered":"<p>Le Code minier pr\u00e9voit deux sortes de titres miniers&nbsp;: le permis exclusif de recherche (PER) et la concession.Le permis de recherche s\u2019applique aux travaux d\u2019exploration en vue de d\u00e9couvrir et\/ou de caract\u00e9riser des gisements de substances. Son titulaire, en l\u2019obtenant, acquiert l\u2019exclusivit\u00e9 du droit de recherche sur un secteur g\u00e9ographique ainsi que la possibilit\u00e9 exclusive [&hellip;]<\/p>\n","protected":false},"author":3,"featured_media":0,"parent":620,"menu_order":0,"comment_status":"closed","ping_status":"closed","template":"","meta":[],"_links":{"self":[{"href":"https:\/\/stopmines81.org\/index.php\/wp-json\/wp\/v2\/pages\/915"}],"collection":[{"href":"https:\/\/stopmines81.org\/index.php\/wp-json\/wp\/v2\/pages"}],"about":[{"href":"https:\/\/stopmines81.org\/index.php\/wp-json\/wp\/v2\/types\/page"}],"author":[{"embeddable":true,"href":"https:\/\/stopmines81.org\/index.php\/wp-json\/wp\/v2\/users\/3"}],"replies":[{"embeddable":true,"href":"https:\/\/stopmines81.org\/index.php\/wp-json\/wp\/v2\/comments?post=915"}],"version-history":[{"count":11,"href":"https:\/\/stopmines81.org\/index.php\/wp-json\/wp\/v2\/pages\/915\/revisions"}],"predecessor-version":[{"id":936,"href":"https:\/\/stopmines81.org\/index.php\/wp-json\/wp\/v2\/pages\/915\/revisions\/936"}],"up":[{"embeddable":true,"href":"https:\/\/stopmines81.org\/index.php\/wp-json\/wp\/v2\/pages\/620"}],"wp:attachment":[{"href":"https:\/\/stopmines81.org\/index.php\/wp-json\/wp\/v2\/media?parent=915"}],"curies":[{"name":"wp","href":"https:\/\/api.w.org\/{rel}","templated":true}]}}