{"id":809,"date":"2020-04-14T09:11:42","date_gmt":"2020-04-14T07:11:42","guid":{"rendered":"http:\/\/stopmines81.org\/?page_id=809"},"modified":"2020-04-26T21:52:21","modified_gmt":"2020-04-26T19:52:21","slug":"le-confinement-pour-le-tungstene-cest-a-vie","status":"publish","type":"page","link":"https:\/\/stopmines81.org\/index.php\/les-faces-cachees-du-projet\/le-confinement-pour-le-tungstene-cest-a-vie\/","title":{"rendered":"Le confinement, pour le Tungst\u00e8ne\u2026, c\u2019est \u00e0 VIE\u00a0!"},"content":{"rendered":"\n<p> <strong>Vous \u00eates, nous sommes confin\u00e9s pour quelques semaines au c\u0153ur de nos maisons, mais pour le tungst\u00e8ne, c&rsquo;est sous forme de scheelite au c\u0153ur des roches s\u00e9dimentaires qu&rsquo;il est confin\u00e9.<\/strong><br><strong> Et \u00e0 vie, sauf si &#8230;<\/strong><\/p>\n\n\n\n<p class=\"has-text-color has-background has-text-align-center has-medium-font-size has-very-light-gray-color has-luminous-vivid-orange-background-color\"> <strong>Que trouve-t-on \u00e9galement dans ces roches&nbsp;? <\/strong><br><strong>De la tr\u00e9molite&nbsp;!<\/strong><\/p>\n\n\n\n<p> Si le tungst\u00e8ne devait \u00eatre \u00ab&nbsp;d\u00e9confin\u00e9&nbsp;\u00bb, cette tr\u00e9molite se retrouverait dans l\u2019environnement. Dans certaines conditions, la tr\u00e9molite est plus connue sous le nom d&rsquo;amiante.<\/p>\n\n\n\n<p class=\"has-text-color has-background has-text-align-center has-medium-font-size has-very-light-gray-color has-luminous-vivid-orange-background-color\"> <strong>De l&rsquo;amiante&nbsp;?<\/strong><\/p>\n\n\n\n<p> Lors de la r\u00e9union publique du 3 d\u00e9cembre 2019, les directeurs de \u00abTungst\u00e8ne du Narbonnais&nbsp;\u00bb ont \u00e9t\u00e9 questionn\u00e9s sur ce sujet&nbsp;:<br><em>\u00ab&nbsp;Dans votre m\u00e9moire technique d\u00e9pos\u00e9 pour l&rsquo;obtention du PERM, il est mentionn\u00e9 pages 19, 25 et 43, la pr\u00e9sence de tr\u00e9molite m\u00e9lang\u00e9e avec le minerai recherch\u00e9. Or la tr\u00e9molite est un min\u00e9ral pouvant constituer une des formes d\u2019amiante, l&rsquo;Agence R\u00e9gionale de la Sant\u00e9 (ARS) d&rsquo;Occitanie attire votre attention dans son avis rendu le 7 mai dernier sur la similitude avec les mines de Salau dans l&rsquo;Ari\u00e8ge o\u00f9 on d\u00e9plore des travailleurs qui seraient morts \u00e0 cause de l&rsquo;amiante de cette mine. Comment allez-vous prendre en compte cette probl\u00e9matique ?&nbsp;\u00bb<\/em><\/p>\n\n\n\n<p class=\"has-text-color has-background has-text-align-center has-medium-font-size has-very-light-gray-color has-luminous-vivid-orange-background-color\">  <strong>Alors, qu\u2019ont-ils r\u00e9pondu&nbsp;?&nbsp;<\/strong><\/p>\n\n\n\n<p> <em>\u00ab&nbsp;Nous ne sommes pas \u00ab&nbsp;aware&nbsp;\u00bb, nous ne sommes pas alert\u00e9s, conscients, au courant de \u00e7a, mais il faut juste quand m\u00eame dire quelque chose c&rsquo;est que on n&rsquo;est pas dans le business de tuer des gens, s&rsquo;il y a un risque nous ne ferons pas \u00e7a s&rsquo;il y a un risque nous ne ferons pas \u00e7a.&nbsp;\u00bb*<\/em><br>Manifestement g\u00ean\u00e9e par la r\u00e9ponse faite par le pr\u00e9sident de \u00abTungst\u00e8ne du Narbonnais\u00bb, l\u2019agence de communication a alors exig\u00e9  qu\u2019une autre r\u00e9ponse lui soit apport\u00e9e :<br><em>\u00ab&nbsp;Je pense en fait qu&rsquo;il nous faut une r\u00e9ponse plus pr\u00e9cise, plus technique, et  surtout plus scientifique que \u00e7a&#8230;&nbsp;\u00bb*<\/em><br>R\u00e9ponse de l&rsquo;un des directeurs de \u00abTungst\u00e8ne du Narbonnais\u00bb :<br><em>\u00ab&nbsp;Ce qu&rsquo;il dit, c&rsquo;est qu\u2019effectivement, il est possible que la tr\u00e9molite soit pr\u00e9sente sur ce site\u2026 Mais pour  pr\u00e9ciser et pour mieux conna\u00eetre les choses, nous avons besoin de pousser les \u00e9tudes et donc de faire des forages&#8230;&nbsp;\u00bb*<\/em><\/p>\n\n\n\n<p class=\"has-text-color has-background has-text-align-center has-medium-font-size has-very-light-gray-color has-luminous-vivid-orange-background-color\"> <strong>Les deux r\u00e9ponses cit\u00e9es ci-dessus,<\/strong><br><strong> sont contradictoires et mettent en lumi\u00e8re<\/strong><br><strong>soit l\u2019amateurisme des protagonistes,<\/strong><br><strong>soit leurs mensonges.<\/strong><\/p>\n\n\n\n<p> En date du 20 d\u00e9cembre 2019, Stop Mines 81 a saisi l\u2019ARS Occitanie par <a href=\"http:\/\/stopmines81.org\/wp-content\/uploads\/2020\/04\/CorrespondanceARS_AlerteRisqueAmiantifere.pdf\" target=\"_blank\" rel=\"noreferrer noopener\">lettre recommand\u00e9e avec accus\u00e9 de r\u00e9ception<\/a> pour lui signifier la pr\u00e9sence de tr\u00e9molite sur le secteur, en soulignant le fait que celle-ci est mentionn\u00e9e dans plusieurs documents, dont le m\u00e9moire technique et le programme des travaux de \u00ab\u00a0Tungst\u00e8ne du Narbonnais\u00a0\u00bb. Une copie de ce courrier a \u00e9galement \u00e9t\u00e9 adress\u00e9e pour information, au Ministre  de l\u2019\u00c9conomie et des Finances, au Pr\u00e9fet du Tarn, au Maire de Fontrieu et \u00e0 la DREAL Occitanie.<\/p>\n\n\n\n<p> En parall\u00e8le, Stop Mines 81 a, d\u00e8s la mi-d\u00e9cembre, pris contact avec l\u2019ADDEVA 81 (Association D\u00e9partementale De D\u00e9fense Des Victimes De L&rsquo; Amiante). Plusieurs adh\u00e9rents avaient d\u00e9j\u00e0 pu rencontrer l\u2019un de leurs membres \u00e0 Salau, en juillet 2019. Une rencontre entre nos deux associations a eu lieu \u00e0 la mi-janvier. Ils nous ont  spontan\u00e9ment propos\u00e9 leur aide, tant au niveau financier que juridique. Gr\u00e2ce \u00e0 leur intervention, un rendez-vous avec un cabinet d\u2019avocats, a pu avoir lieu le 14 f\u00e9vrier dernier.<\/p>\n\n\n\n<p class=\"has-text-color has-background has-text-align-center has-medium-font-size has-very-light-gray-color has-luminous-vivid-orange-background-color\"> <strong>Historique g\u00e9n\u00e9ral<\/strong><br><strong>de la probl\u00e9matique \u00ab amiante \u00bb<\/strong><\/p>\n\n\n\n<p> <strong>Les effets n\u00e9fastes de l\u2019amiante sont une \u00e9vidence pour tous, mais ce que l\u2019on sait moins, c\u2019est que les premiers soup\u00e7ons sur la dangerosit\u00e9 de l&rsquo;amiante ont \u00e9t\u00e9 \u00e9mis au tout d\u00e9but du XXe si\u00e8cle (<a href=\"http:\/\/travail-emploi.gouv.fr\/IMG\/pdf\/amiante_1905.pdf\" target=\"_blank\" rel=\"noreferrer noopener\" aria-label=\" (s\u2019ouvre dans un nouvel onglet)\">Rapport de l\u2019inspecteur du travail Auribault \u2013 1906<\/a>).<\/strong><\/p>\n\n\n\n<p class=\"has-text-color has-background has-text-align-center has-medium-font-size has-very-light-gray-color has-luminous-vivid-orange-background-color\"> <strong>L\u2019exemple de la mine de tungst\u00e8ne<\/strong><br><strong>d\u2019Anglade en Ari\u00e8ge<\/strong><\/p>\n\n\n\n<p> En 1968 \u00e0 Couflens en Ari\u00e8ge, la soci\u00e9t\u00e9 SMA embauche du personnel pour effectuer les travaux pr\u00e9paratoires \u00e0 l\u2019ouverture de la mine. Tous ces personnels sont soumis \u00e0 un examen m\u00e9dical et radiologique et tous pr\u00e9sentent des poumons nets, sauf deux personnes. Les personnels recrut\u00e9s par la suite seront soumis aux m\u00eames diagnostics m\u00e9dicaux avant leurs embauches.<br> En 1971 la mine de tungst\u00e8ne d\u00e9marre son exploitation&#8230; Parmi son personnel, un habitant de la commune de Couflens qui n\u2019a jamais travaill\u00e9 en dehors de la commune.<br> En 1972, cette personne pr\u00e9sente des g\u00e8nes respiratoires : les pneumologues du CHU de Toulouse diagnostiquent alors des \u00abplaques pleurales en cours de calcification\u00bb.<br> Quelques ann\u00e9es plus tard, en 1983, on diagnostique chez ce mineur, une asbestose (maladie professionnelle due \u00e0 l&rsquo;action de poussi\u00e8res d&rsquo;amiante sur les poumons) alors qu\u2019il n\u2019a jamais \u00e9t\u00e9 expos\u00e9 \u00e0 l\u2019amiante avant de travailler \u00e0 Salau !<br> A la fermeture de la mine en 1986, plusieurs d\u00e9c\u00e8s de mineurs (m\u00e9soth\u00e9liome, cancers et probl\u00e8mes pulmonaires) ont d\u00e9j\u00e0 \u00e9t\u00e9 constat\u00e9s.<\/p>\n\n\n\n<p style=\"font-size:30px\" class=\"has-text-color has-background has-text-align-center has-very-light-gray-color has-vivid-red-background-color\"> <strong>Ce que nous voulons&nbsp;?<\/strong><\/p>\n\n\n\n<p> <strong>C&rsquo;est que le tungst\u00e8ne et sa tr\u00e9molite demeurent confin\u00e9s, et que nous puissions toujours pr\u00e9server le bon air de nos montagnes, afin qu\u2019il ne soit jamais pollu\u00e9  par les travaux miniers.<\/strong><\/p>\n\n\n\n<p style=\"font-size:30px\" class=\"has-text-color has-background has-text-align-center has-very-light-gray-color has-vivid-red-background-color\"> <strong>Ce que nous ne voulons pas&nbsp;?<\/strong><\/p>\n\n\n\n<p><strong> Des emplois qui empoisonnent les ouvriers, les riverains et nos enfants&nbsp;!<\/strong><\/p>\n\n\n\n<p class=\"has-small-font-size\"> <br><br><br><br>*extrait de la<a href=\"http:\/\/stopmines81.org\/wp-content\/uploads\/2020\/04\/Retranscription-r\u00e9union-03122019.pdf\" target=\"_blank\" rel=\"noreferrer noopener\"> retranscription de la r\u00e9union <\/a><br><\/p>\n\n\n\n<p class=\"has-small-font-size\">Sources :<br><a rel=\"noreferrer noopener\" aria-label=\" (s\u2019ouvre dans un nouvel onglet)\" href=\"http:\/\/www.inrs.fr\/risques\/amiante\/historique-problematique-amiante.html#5128c753-47b7-4abe-b7ac-39b99028a558\" target=\"_blank\">http:\/\/www.inrs.fr\/risques\/amiante\/historique-problematique-amiante.html#5128c753-47b7-4abe-b7ac-39b99028a558<\/a><br><a href=\"https:\/\/www.stopminesalau.com\/informations\/historique\/\" target=\"_blank\" rel=\"noreferrer noopener\" aria-label=\" (s\u2019ouvre dans un nouvel onglet)\">https:\/\/www.stopminesalau.com\/informations\/historique\/<\/a><\/p>\n","protected":false},"excerpt":{"rendered":"<p>Vous \u00eates, nous sommes confin\u00e9s pour quelques semaines au c\u0153ur de nos maisons, mais pour le tungst\u00e8ne, c&rsquo;est sous forme de scheelite au c\u0153ur des roches s\u00e9dimentaires qu&rsquo;il est confin\u00e9. Et \u00e0 vie, sauf si &#8230; Que trouve-t-on \u00e9galement dans ces roches&nbsp;? De la tr\u00e9molite&nbsp;! Si le tungst\u00e8ne devait \u00eatre \u00ab&nbsp;d\u00e9confin\u00e9&nbsp;\u00bb, cette tr\u00e9molite se retrouverait [&hellip;]<\/p>\n","protected":false},"author":3,"featured_media":0,"parent":620,"menu_order":0,"comment_status":"closed","ping_status":"closed","template":"","meta":[],"_links":{"self":[{"href":"https:\/\/stopmines81.org\/index.php\/wp-json\/wp\/v2\/pages\/809"}],"collection":[{"href":"https:\/\/stopmines81.org\/index.php\/wp-json\/wp\/v2\/pages"}],"about":[{"href":"https:\/\/stopmines81.org\/index.php\/wp-json\/wp\/v2\/types\/page"}],"author":[{"embeddable":true,"href":"https:\/\/stopmines81.org\/index.php\/wp-json\/wp\/v2\/users\/3"}],"replies":[{"embeddable":true,"href":"https:\/\/stopmines81.org\/index.php\/wp-json\/wp\/v2\/comments?post=809"}],"version-history":[{"count":12,"href":"https:\/\/stopmines81.org\/index.php\/wp-json\/wp\/v2\/pages\/809\/revisions"}],"predecessor-version":[{"id":844,"href":"https:\/\/stopmines81.org\/index.php\/wp-json\/wp\/v2\/pages\/809\/revisions\/844"}],"up":[{"embeddable":true,"href":"https:\/\/stopmines81.org\/index.php\/wp-json\/wp\/v2\/pages\/620"}],"wp:attachment":[{"href":"https:\/\/stopmines81.org\/index.php\/wp-json\/wp\/v2\/media?parent=809"}],"curies":[{"name":"wp","href":"https:\/\/api.w.org\/{rel}","templated":true}]}}