{"id":764,"date":"2020-01-26T15:42:42","date_gmt":"2020-01-26T14:42:42","guid":{"rendered":"http:\/\/stopmines81.org\/?page_id=764"},"modified":"2020-01-26T15:42:42","modified_gmt":"2020-01-26T14:42:42","slug":"le-montage-financier-de-tungstene-du-narbonnais-tdn","status":"publish","type":"page","link":"https:\/\/stopmines81.org\/index.php\/les-faces-cachees-du-projet\/le-montage-financier-de-tungstene-du-narbonnais-tdn\/","title":{"rendered":"Le montage financier de Tungst\u00e8ne du Narbonnais (TDN)"},"content":{"rendered":"\n<p>Le 8 d\u00e9cembre 2017, une soci\u00e9t\u00e9 nomm\u00e9e Russel Brooks Limited \u00e9tait cr\u00e9\u00e9e \u00e0 Guernesey (ile anglo-normande ). Ce que nous savons, en lisant le dossier de d\u00e9p\u00f4t du PERM de la Fabri\u00e9, c&rsquo;est que Jurie Wessels en est l&rsquo;un des dirigeants, ainsi que Mark Courtney Chasey, qui est directeur.<br>Le 27 juin 2018, en France, Russel Brooks cr\u00e9e une filiale nomm\u00e9e \u00ab&nbsp;Soci\u00e9t\u00e9 d&rsquo;exploration du Narbonnais&nbsp;\u00bb dirig\u00e9e par le m\u00eame Jurie Wessels (PDG), Johan le Roux (DG) et Philip le Roux (DG), tous sud-africains, le capital social est de 1000 \u20ac. Seize jours plus tard, le 13 juillet 2018, la soci\u00e9t\u00e9 est renomm\u00e9e \u00ab&nbsp;Tungst\u00e8ne du Narbonnais SAS&nbsp;\u00bb et un quatri\u00e8me DG entre en sc\u00e8ne, Alain Liger. Quelques jours plus tard, le dossier de PERM est d\u00e9pos\u00e9. Alain Liger, c&rsquo;est le \u00ab&nbsp;national de l&rsquo;\u00e9tape&nbsp;\u00bb, celui qui conna\u00eet les coins (pas de champignons, mais de minerai&nbsp;!), ing\u00e9nieur \u00e0 la retraite du BRGM et qui a ses entr\u00e9es au minist\u00e8re *. Il ne percevra aucune r\u00e9mun\u00e9ration (comme c&rsquo;est \u00e9mouvant&nbsp;!).<\/p>\n\n\n\n<p style=\"font-size:23px\" class=\"has-background has-text-align-center has-luminous-vivid-orange-background-color\"><strong>Les avantages d&rsquo;un tel montage<\/strong><\/p>\n\n\n\n<p style=\"font-size:18px\"><em><strong>Pour la filiale fran\u00e7aise TDN SAS&nbsp;:<\/strong><\/em><\/p>\n\n\n\n<ul><li>elle pourrait\n\tverser les b\u00e9n\u00e9fices sous forme de dividendes \u00e0 la maison-m\u00e8re\n\t\u00e9trang\u00e8re Russel Brooks Ltd, qui d\u00e9tient 100&nbsp;% du capital de\n\tTDN.\n\t<\/li><li>elle doit\n\tcependant payer l&rsquo;imp\u00f4t sur les soci\u00e9t\u00e9s 28&nbsp;% \u00e0 33,33&nbsp;%\n\tdu b\u00e9n\u00e9fice.\n\t<\/li><li>elle pourrait\n\tpercevoir des avantages fiscaux de la France (Cr\u00e9dit Imp\u00f4t\n\tRecherche, soutiens \u00e0 l&rsquo;initiative priv\u00e9e, autres cr\u00e9dits\n\td&rsquo;imp\u00f4t).\n\t<\/li><li>elle pourrait\n\t\u00eatre en liquidation judiciaire&nbsp;.\n<\/li><\/ul>\n\n\n\n<p style=\"font-size:18px\">\n<em><strong>Pour la soci\u00e9t\u00e9-m\u00e8re, Russel\nBrooks Ltd&nbsp;:<\/strong><\/em><\/p>\n\n\n\n<ul><li>elle pourrait b\u00e9n\u00e9ficier des avantages fiscaux de Guernesey (paradis fiscal hors union europ\u00e9enne). Moyennant le paiement annuel de 600 GBP (environ 750 \u20ac) et en faisant une demande avant le 31 mars, une soci\u00e9t\u00e9 off shore est exon\u00e9r\u00e9e de l&rsquo;imp\u00f4t sur les soci\u00e9t\u00e9s. Ceci est int\u00e9ressant pour percevoir des dividendes non imposables. <\/li><li>Elle pourrait facturer des prestations de services \u00e0 sa filiale. <\/li><li>Les actionnaires ne sont pas connus, sauf pour l&rsquo;administration de Guernesey. Les comptes ne le sont pas non plus. <\/li><li>Elle serait totalement prot\u00e9g\u00e9e en cas d&rsquo;ennuis financiers ou judiciaires graves touchant la filiale fran\u00e7aise TDN. <\/li><\/ul>\n\n\n\n<p style=\"font-size:18px\">\n<em><strong>Les partenaires financiers&nbsp;:<\/strong><\/em><\/p>\n\n\n\n<p>Le PERM pr\u00e9sente\nun budget de 11,5 millions d&rsquo;euros qui ne sont mat\u00e9rialis\u00e9s que\nsous  sous formes de promesses \u00e9crites. Quelle est la valeur\njuridique de ces documents&nbsp;? Les engagements sont les suivants&nbsp;:<\/p>\n\n\n\n<ul><li>51&nbsp;% par\n\tla Soci\u00e9t\u00e9 Sud-Africaine SPH Kundalila, filiale de Raubex Group,\n\tgroupe de BTP sud-africain\n\t<\/li><li>30&nbsp;% par\n\tl&rsquo;investisseur minier sud-africain Mike Nunn (r\u00e9sidant \u00e0 Monaco)\n\t<\/li><li>19&nbsp;% par\n\tla soci\u00e9t\u00e9 Russel Brooks Ltd (dont on ne conna\u00eet pas les\n\tactionnaires).\n<\/li><\/ul>\n\n\n\n<p style=\"font-size:21px\" class=\"has-background has-text-align-center has-luminous-vivid-orange-background-color\">\n<strong>O\u00f9\npartirait le tungst\u00e8ne de Fontrieu&nbsp;?<\/strong><\/p>\n\n\n\n<p>TDN, sur son site\ninternet, affirme&nbsp;: \u00ab&nbsp;l&rsquo;exploitation du gisement de la\nFumade permettrait ainsi de valoriser une ressource locale et de\nrelocaliser, dans de meilleures conditions, une partie de la\nproduction de tungst\u00e8ne sur le territoire national et de r\u00e9duire la\nd\u00e9pendance de la France aux autres pays producteurs&nbsp;\u00bb.<\/p>\n\n\n\n<p>Par ailleurs, lors\nde la r\u00e9union publique du 3 d\u00e9cembre 2019 \u00e0 Fontrieu, TDN\nannon\u00e7ait que la scheelite serait exp\u00e9di\u00e9e et trait\u00e9e en\nAllemagne ou en Espagne.<\/p>\n\n\n\n<p>Il n&rsquo;y a donc\naucune garantie que le tungst\u00e8ne soit utilis\u00e9 en France, d&rsquo;autant\nplus que, conform\u00e9ment \u00e0 la loi du march\u00e9, il sera vendu au plus\noffrant, et pourquoi pas, pourrait \u00eatre export\u00e9 hors Union\nEurop\u00e9enne.<\/p>\n\n\n\n<p style=\"font-size:18px\" class=\"has-background has-text-align-center has-luminous-vivid-orange-background-color\"><strong>Pour toutes les raisons d\u00e9velopp\u00e9es ci-dessus, nous avons donc un bel exemple de tentative de pillage de notre sous-sol au profit d&rsquo;int\u00e9r\u00eats priv\u00e9s \u00e9trangers et d&rsquo;actionnaires plus ou moins cach\u00e9s. <\/strong><br><strong>Qu&rsquo;on se le dise&nbsp;!<\/strong><\/p>\n\n\n\n<p> *  <em>Alain  Liger  a \u00e9t\u00e9 \u00e0 l&rsquo;origine de l&rsquo;\u00e9laboration du livre blanc de la mine responsable avec R\u00e9mi Galin, Chef du bureau de la gestion et de la l\u00e9gislation des ressources min\u00e9rales non \u00e9nerg\u00e9tiques de la Direction G\u00e9n\u00e9rale de l\u2019Am\u00e9nagement, du Logement et de la Nature (DGALN)<\/em><br><a href=\"http:\/\/www.mineralinfo.fr\/sites\/default\/files\/upload\/documents\/mine_responsable\/presentation_action_mine_responsable_2015_04_01.pdf\" target=\"_blank\" rel=\"noreferrer noopener\" aria-label=\" (s\u2019ouvre dans un nouvel onglet)\">http:\/\/www.mineralinfo.fr\/sites\/default\/files\/upload\/documents\/mine_responsable\/presentation_action_mine_responsable_2015_04_01.pdf<\/a><\/p>\n\n\n\n<p> Sources&nbsp;:  <\/p>\n\n\n\n<ul><li>demande de PERM Tungst\u00e8ne du Narbonnais&nbsp;: Tome 1 \u2013 Document administratif <\/li><li><a href=\"http:\/\/www.tungstene-du-narbonnais.fr\/\">www.tungstene-du-narbonnais.fr<\/a> <\/li><li><a href=\"http:\/\/www.paradisfiscaux.net\/\">www.paradisfiscaux.net<\/a> <\/li><li><a href=\"http:\/\/www.lecoindesentrepreneurs.fr\/\">www.lecoindesentrepreneurs.fr<\/a> <\/li><li><a href=\"https:\/\/actu.fr\/societe\/projets-miniers-bretagne-variscan-touche-682-000-e-credit-dimpot-recherche-opposants-fulminent_14579775.html\">https:\/\/actu.fr\/societe\/projets-miniers-bretagne-variscan-touche-682-000-e-credit-dimpot-recherche-opposants-fulminent_14579775.html<\/a> <\/li><li><a href=\"https:\/\/montagnedor.fr\/documentation-type-document\/interviews\/\">https:\/\/montagnedor.fr\/documentation-type-document\/interviews\/<\/a>   R\u00e9ponse de Pierre Paris (au courrier des lecteurs de France-Guyanne des 9 et 10 janvier 2018)<\/li><\/ul>\n\n\n\n<p><\/p>\n","protected":false},"excerpt":{"rendered":"<p>Le 8 d\u00e9cembre 2017, une soci\u00e9t\u00e9 nomm\u00e9e Russel Brooks Limited \u00e9tait cr\u00e9\u00e9e \u00e0 Guernesey (ile anglo-normande ). Ce que nous savons, en lisant le dossier de d\u00e9p\u00f4t du PERM de la Fabri\u00e9, c&rsquo;est que Jurie Wessels en est l&rsquo;un des dirigeants, ainsi que Mark Courtney Chasey, qui est directeur.Le 27 juin 2018, en France, Russel [&hellip;]<\/p>\n","protected":false},"author":3,"featured_media":0,"parent":620,"menu_order":0,"comment_status":"closed","ping_status":"closed","template":"","meta":[],"_links":{"self":[{"href":"https:\/\/stopmines81.org\/index.php\/wp-json\/wp\/v2\/pages\/764"}],"collection":[{"href":"https:\/\/stopmines81.org\/index.php\/wp-json\/wp\/v2\/pages"}],"about":[{"href":"https:\/\/stopmines81.org\/index.php\/wp-json\/wp\/v2\/types\/page"}],"author":[{"embeddable":true,"href":"https:\/\/stopmines81.org\/index.php\/wp-json\/wp\/v2\/users\/3"}],"replies":[{"embeddable":true,"href":"https:\/\/stopmines81.org\/index.php\/wp-json\/wp\/v2\/comments?post=764"}],"version-history":[{"count":1,"href":"https:\/\/stopmines81.org\/index.php\/wp-json\/wp\/v2\/pages\/764\/revisions"}],"predecessor-version":[{"id":765,"href":"https:\/\/stopmines81.org\/index.php\/wp-json\/wp\/v2\/pages\/764\/revisions\/765"}],"up":[{"embeddable":true,"href":"https:\/\/stopmines81.org\/index.php\/wp-json\/wp\/v2\/pages\/620"}],"wp:attachment":[{"href":"https:\/\/stopmines81.org\/index.php\/wp-json\/wp\/v2\/media?parent=764"}],"curies":[{"name":"wp","href":"https:\/\/api.w.org\/{rel}","templated":true}]}}