{"id":723,"date":"2020-01-12T15:03:20","date_gmt":"2020-01-12T14:03:20","guid":{"rendered":"http:\/\/stopmines81.org\/?page_id=723"},"modified":"2020-01-13T12:41:20","modified_gmt":"2020-01-13T11:41:20","slug":"une-enfumade-profonde-pour-fumade-superficiel","status":"publish","type":"page","link":"https:\/\/stopmines81.org\/index.php\/les-faces-cachees-du-projet\/une-enfumade-profonde-pour-fumade-superficiel\/","title":{"rendered":"Une enfumade profonde pour fumade superficiel !*"},"content":{"rendered":"\n<p>Les porteurs de projet, pour r\u00e9pondre \u00e0 nos questions le 3 d\u00e9cembre ont brill\u00e9 par leur manque de coh\u00e9rence. Alors qu\u2019ils garantissaient, promettaient qu\u2019il n\u2019y aurait pas d\u2019exploitation en surface, leurs propres \u00e9crits leur \u00e9taient renvoy\u00e9s&nbsp;:\u00ab&nbsp;<em>dans votre m\u00e9moire technique d\u00e9pos\u00e9 pour l\u2019obtention du PERM, il est mentionn\u00e9 :<\/em><\/p>\n\n\n\n<p class=\"has-text-align-left\">-&gt; <em>page 29 : Fumade superficiel \u00ab&nbsp;Mine \u00e0 ciel ouvert&nbsp;\u00bb, Fumade profond gisement de 0 \u00e0 200 m\u00e8tres.<\/em><br>-&gt;<em>page 65 : \u00ab la possibilit\u00e9 d\u2019une exploitation souterraine [&#8230;] sera \u00e9tudi\u00e9e ; Si une exploitation souterraine est retenue, les op\u00e9rations de concassage, criblage pourront \u00eatre effectu\u00e9es en souterrain \u00bb.<\/em><br> -&gt;<em>page 86 : \u00ab 360&nbsp;000 TONNES sur \u00ab\u00a0Fumade Superficiel\u00a0\u00bb (prenables en carri\u00e8re)&nbsp;\u00bb.<\/em><\/p>\n\n\n\n<p>Nous les entendions nous r\u00e9pondre&nbsp;: \u00ab&nbsp;<em>peut \u00eatre que c\u2019est \u00e9crit autrement dans le dossier, mais nous vous assurons que nous ne le ferons pas. Nous sommes \u00e0 l\u2019\u00e9coute des populations du territoire<\/em>&nbsp;\u00bb.<\/p>\n\n\n\n<p style=\"font-size:19px\" class=\"has-text-color has-background has-text-align-center has-very-light-gray-color has-vivid-red-background-color\"><strong>Tout ce qui a \u00e9t\u00e9 \u00e9crit sur le dossier d\u00e9pos\u00e9<\/strong><br><strong> pour faire la demande du permis exclusif de recherche<\/strong><br><strong>sera potentiellement r\u00e9alisable.<\/strong><\/p>\n\n\n\n<p class=\"has-text-align-center\"><strong>Les principaux avantages d\u2019une mine \u00e0 ciel ouvert (vu par l\u2019exploitant)<\/strong><\/p>\n\n\n\n<p>\u2022en g\u00e9n\u00e9ral, un haut volume de roche excav\u00e9e (taux de production \u00e9lev\u00e9)&nbsp;;<br>\u2022des co\u00fbts de production \u00e0 la tonne tr\u00e8s bas&nbsp;;<br>\u2022un \u00e9quipement d\u2019extraction de grandes dimensions&nbsp;;<br>\u2022une mise en production rapide.<\/p>\n\n\n\n<p class=\"has-text-align-center\"><strong>Les impacts potentiels d\u2019une mine \u00e0 ciel ouvert  <\/strong><\/p>\n\n\n\n<p>L\u2019exploitation d\u2019une mine \u00e0 ciel ouvert a de nombreux impacts en fonction de l\u2019environnement&nbsp;:<br> \u2022physique (sol, eaux, air)&nbsp;;<br> \u2022biologique (v\u00e9g\u00e9tation, mammif\u00e8re, faune aquatique, etc.)&nbsp;;<br> \u2022humain (paysage, qualit\u00e9 de vie, \u00e9conomie, etc.).<br><br>La cr\u00e9ation d\u2019une fosse \u00e0 ciel ouvert entra\u00eene&nbsp;:<br>\u2022la perte d\u00e9finitive de pr\u00e9cieuses surfaces agricoles (A Fumade, les terres b\u00e9n\u00e9ficient du label AB)&nbsp;;<br> \u2022une perte de superficies terrestres et humides disponibles pour la flore et la faune, \u00e0 terme une diminution de leur diversit\u00e9. Les milieux biologiques peuvent \u00e9galement souffrir d\u2019une variation de leur environnement physique&nbsp;;<br>\u2022la modification de la quantit\u00e9 d\u2019eau disponible. Les masses d\u2019eau sont retenues au niveau de la fosse. La modification de la topographie d\u2019un terrain peut influencer localement la forme des bassins versants&nbsp;;<br> \u2022la modification de la qualit\u00e9 des sols, l\u2019\u00e9rosion issue de l\u2019utilisation de la machinerie et de la circulation et du ruissellement des eaux g\u00e9n\u00e9r\u00e9 par la suppression de la v\u00e9g\u00e9tation&nbsp;;<br> \u2022une alt\u00e9ration de la qualit\u00e9 de l\u2019air. Cela est d\u00fb \u00e0 l\u2019 augmentation des \u00e9missions de gaz \u00e0 effet de serre, entra\u00een\u00e9e par l\u2019utilisation de machinerie et de v\u00e9hicules \u00e0 moteur thermique \u00e0 laquelle s\u2019ajoutent les \u00e9missions de poussi\u00e8res, entra\u00een\u00e9es par les op\u00e9rations de transport et de manipulation de minerai, de st\u00e9riles et de r\u00e9sidus.<br><\/p>\n\n\n\n<p style=\"font-size:19px\" class=\"has-text-color has-background has-text-align-center has-very-light-gray-color has-vivid-red-background-color\"><strong>Tous ces impacts engendreraient<\/strong> <strong>des effets<\/strong> <strong>sur la qualit\u00e9 de vie  sur des<\/strong> <strong>distances pouvant aller jusqu\u2019\u00e0 des dizaines voire plusieurs centaines de kilom\u00e8tres pour les particules les plus fines<\/strong><\/p>\n\n\n\n<figure class=\"wp-block-image size-large\"><img loading=\"lazy\" width=\"968\" height=\"160\" src=\"http:\/\/stopmines81.org\/wp-content\/uploads\/2020\/01\/POUSSIERES.png\" alt=\"\" class=\"wp-image-716\" srcset=\"https:\/\/stopmines81.org\/wp-content\/uploads\/2020\/01\/POUSSIERES.png 968w, https:\/\/stopmines81.org\/wp-content\/uploads\/2020\/01\/POUSSIERES-300x50.png 300w, https:\/\/stopmines81.org\/wp-content\/uploads\/2020\/01\/POUSSIERES-768x127.png 768w\" sizes=\"(max-width: 968px) 100vw, 968px\" \/><\/figure>\n\n\n\n<figure class=\"wp-block-image size-large\"><img loading=\"lazy\" width=\"935\" height=\"198\" src=\"http:\/\/stopmines81.org\/wp-content\/uploads\/2020\/01\/EFFETS.png\" alt=\"\" class=\"wp-image-717\" srcset=\"https:\/\/stopmines81.org\/wp-content\/uploads\/2020\/01\/EFFETS.png 935w, https:\/\/stopmines81.org\/wp-content\/uploads\/2020\/01\/EFFETS-300x64.png 300w, https:\/\/stopmines81.org\/wp-content\/uploads\/2020\/01\/EFFETS-768x163.png 768w\" sizes=\"(max-width: 935px) 100vw, 935px\" \/><\/figure>\n\n\n\n<p style=\"font-size:19px\" class=\"has-text-color has-background has-text-align-center has-very-light-gray-color has-vivid-red-background-color\"><strong>Une fois les autorisations accord\u00e9es, combien p\u00e8sera l&rsquo;impact environnemental et social face \u00e0 la perspective d&rsquo;un chantier plus qu&rsquo;int\u00e9ressant sur le plan \u00e9conomique&nbsp;?<\/strong><\/p>\n\n\n\n<hr class=\"wp-block-separator\"\/>\n\n\n\n<p class=\"has-small-font-size\">* Fumade est un lieu d\u00eet inclus dans la zone tungstif\u00e8re d\u00e9crite par le BRGM comme ayant un fort potentiel<br><em> Sources\u00a0:<br>\u2022F.F.E. | \u00ab Annales des Mines &#8211; R\u00e9alit\u00e9s industrielles \u00bb2018\/4 Novembre 2018 | pages 10 \u00e0 19 &#8211; ISSN 1148-7941<br> \u2022Exposition aux poussi\u00e8res provenant d&rsquo;une mine \u00e0 ciel ouvert : \u00c9valuation des risques et biodisponibilit\u00e9 des m\u00e9taux \u2013 Par Antoine Coquard &#8211; Essai pr\u00e9sent\u00e9 au Centre Universitaire de Formation en Environnement en vue de  l\u2019obtention du grade de ma\u00eetre en environnement (M. Env.)R\u00e9alis\u00e9 sous la direction du Professeur G\u00e9rald J. Zagury<\/em><\/p>\n","protected":false},"excerpt":{"rendered":"<p>Les porteurs de projet, pour r\u00e9pondre \u00e0 nos questions le 3 d\u00e9cembre ont brill\u00e9 par leur manque de coh\u00e9rence. Alors qu\u2019ils garantissaient, promettaient qu\u2019il n\u2019y aurait pas d\u2019exploitation en surface, leurs propres \u00e9crits leur \u00e9taient renvoy\u00e9s&nbsp;:\u00ab&nbsp;dans votre m\u00e9moire technique d\u00e9pos\u00e9 pour l\u2019obtention du PERM, il est mentionn\u00e9 : -&gt; page 29 : Fumade superficiel \u00ab&nbsp;Mine [&hellip;]<\/p>\n","protected":false},"author":3,"featured_media":0,"parent":620,"menu_order":0,"comment_status":"closed","ping_status":"closed","template":"","meta":[],"_links":{"self":[{"href":"https:\/\/stopmines81.org\/index.php\/wp-json\/wp\/v2\/pages\/723"}],"collection":[{"href":"https:\/\/stopmines81.org\/index.php\/wp-json\/wp\/v2\/pages"}],"about":[{"href":"https:\/\/stopmines81.org\/index.php\/wp-json\/wp\/v2\/types\/page"}],"author":[{"embeddable":true,"href":"https:\/\/stopmines81.org\/index.php\/wp-json\/wp\/v2\/users\/3"}],"replies":[{"embeddable":true,"href":"https:\/\/stopmines81.org\/index.php\/wp-json\/wp\/v2\/comments?post=723"}],"version-history":[{"count":5,"href":"https:\/\/stopmines81.org\/index.php\/wp-json\/wp\/v2\/pages\/723\/revisions"}],"predecessor-version":[{"id":734,"href":"https:\/\/stopmines81.org\/index.php\/wp-json\/wp\/v2\/pages\/723\/revisions\/734"}],"up":[{"embeddable":true,"href":"https:\/\/stopmines81.org\/index.php\/wp-json\/wp\/v2\/pages\/620"}],"wp:attachment":[{"href":"https:\/\/stopmines81.org\/index.php\/wp-json\/wp\/v2\/media?parent=723"}],"curies":[{"name":"wp","href":"https:\/\/api.w.org\/{rel}","templated":true}]}}