{"id":702,"date":"2020-01-05T19:10:32","date_gmt":"2020-01-05T18:10:32","guid":{"rendered":"http:\/\/stopmines81.org\/?page_id=702"},"modified":"2020-01-05T19:11:06","modified_gmt":"2020-01-05T18:11:06","slug":"702-2","status":"publish","type":"page","link":"https:\/\/stopmines81.org\/index.php\/publications\/702-2\/","title":{"rendered":""},"content":{"rendered":"\n<p class=\"has-text-color has-background has-text-align-center has-medium-font-size has-vivid-red-color has-cyan-bluish-gray-background-color\"><strong>Une mine peut-elle r\u00e9soudre des probl\u00e8mes de ch\u00f4mage dans le Tarn ?<\/strong><\/p>\n\n\n\n<p><strong>Aujourd&rsquo;hui, le secteur de Fontrieu et ses alentours est un secteur dynamique,<\/strong><br><strong>avec une qualit\u00e9 de vie remarquable :<\/strong><br>fromagerie, eaux min\u00e9rales, agriculture, vente d&rsquo;eau par la commune, tourisme<br> \u2192 Chiffre d&rsquo;affaires : des dizaines de millions d&rsquo;euros<br> \u2192 Vente d&rsquo;eau par la mairie : 343 696 \u20ac en 2018<br> \u2192 Nombre d&#8217;emplois directement menac\u00e9s : environ 200<br>Ce sont des EMPLOIS DURABLES ET LOCAUX<br><strong>Que nous proposerait Tungst\u00e8ne du Narbonnais ?<\/strong><br>Environ 80 emplois non durables et non locaux (car trop sp\u00e9cialis\u00e9s).<br>L&rsquo; extraction mini\u00e8re n&rsquo;est pas compatible avec l&rsquo;activit\u00e9 \u00e9conomique actuelle (risques pour l&rsquo;eau, l&rsquo;agriculture, l&rsquo;image de marque du territoire, impact n\u00e9gatif sur les AOC, IGP, tourisme).<br>Nous avons le devoir de nous opposer au sacrifice de la population d&rsquo;un territoire aux seuls profits d&rsquo;un groupe priv\u00e9 !<\/p>\n\n\n\n<p class=\"has-text-color has-background has-text-align-center has-medium-font-size has-vivid-red-color has-cyan-bluish-gray-background-color\"><strong>Qu&rsquo;entend-on par valorisation<\/strong><br><strong>de l&rsquo;investissement public ?<\/strong><\/p>\n\n\n\n<p>La filiale fran\u00e7aise d\u2019une soci\u00e9t\u00e9 mini\u00e8re australienne a touch\u00e9 682 000 \u20ac de Cr\u00e9dit- Imp\u00f4t-Recherche de la France (c&rsquo;est-\u00e0-dire du contribuable fran\u00e7ais) pour des PERM en Bretagne (<a rel=\"noreferrer noopener\" aria-label=\" (s\u2019ouvre dans un nouvel onglet)\" href=\"https:\/\/actu.fr\/societe\/projets-miniers-bretagne-variscan-touche-682-000-e-credit-dimpot-recherche-opposants-fulminent_14579775.html\" target=\"_blank\">Actu.fr \/2017\/12\/19<\/a>)<br>Une autre compagnie mini\u00e8re aux capitaux canadiens et russes, devrait toucher tout au long de son projet en Guyane, plusieurs centaines de millions d&rsquo;euros de la France sous forme de dispositifs de soutien \u00e0 l&rsquo;initiative priv\u00e9e. (<a rel=\"noreferrer noopener\" aria-label=\" (s\u2019ouvre dans un nouvel onglet)\" href=\"https:\/\/www.wwf.fr\/sites\/default\/files\/doc-2017-09\/1709_rapport_montage_d%27or_mirage_economique.pdf\" target=\"_blank\">Montagne d&rsquo;Or, un mirage \u00e9conomique Analyse du WWF France, septembre 2017<\/a>)<br><strong>Combien touchera la soci\u00e9t\u00e9 Tungst\u00e8ne du Narbonnais de l\u2019\u00c9tat fran\u00e7ais et donc du contribuable fran\u00e7ais ?<\/strong><\/p>\n\n\n\n<p class=\"has-text-color has-background has-text-align-center has-vivid-red-color has-cyan-bluish-gray-background-color\"><strong>Aucun r\u00e9sidu minier visible ?<\/strong><\/p>\n\n\n\n<p>Partout ailleurs tas de st\u00e9riles, digues font partie des paysages. Alors pourquoi chez nous ce serait diff\u00e9rent. Quel ravin combleront-ils ?<br>A Saint Salvy, c\u2019est celui du Chien qui l\u2019a \u00e9t\u00e9, parlez-en aux habitants de Noailhac !<br>Et les bassins contenant les millions de m3 de r\u00e9sidus miniers, o\u00f9 seront-<br>ils cach\u00e9s ?<br>A Mittersill, la mine verte, ils occupent plus de 300ha !<\/p>\n\n\n\n<p class=\"has-text-color has-background has-text-align-center has-vivid-red-color has-cyan-bluish-gray-background-color\"><strong>Tungst\u00e8ne du Narbonnais et leurs engagements !<\/strong><\/p>\n\n\n\n<p class=\"has-text-align-left\">Dans leur lettre d\u2019information, ils \u00e9crivent : \u00ab <em>Nos engagements, Tout au long du d\u00e9veloppement, Nos engagements, durant la p\u00e9riode d\u2019exploration (5 ans), Nos engagements durant la p\u00e9riode d\u2019exploitation (15 \u00e0 20 ans)<\/em> \u00bb.<br><strong>Il ne manque pas quelque chose ? : Nos engagements apr\u00e8s !<\/strong><br><strong>Qu\u2019en est-il de l\u2019apr\u00e8s mine ?<\/strong><br>A Montroc, des millions d\u2019euros sont d\u00e9pens\u00e9s pour essayer de contenir les pollutions au fluor, aluminium, mangan\u00e8se et cuivre !<br>A Salsigne, des taux d\u2019arsenic 73 fois sup\u00e9rieurs aux normes ! (Source : <a rel=\"noreferrer noopener\" aria-label=\" (s\u2019ouvre dans un nouvel onglet)\" href=\"https:\/\/www.lindependant.fr\/2018\/12\/06\/vallee-de-lorbiel-des-analyses-de-letat-avec-des-taux-darsenic-jusqua-73-fois-superieurs-aux-normes,5003122.php\" target=\"_blank\">L&rsquo;independant.fr \/2018\/12\/06\/<\/a>)<br>Actuellement, l\u2019\u00c9tat ren\u00e2cle \u00e0 identifier les risques !<br><a rel=\"noreferrer noopener\" aria-label=\" (s\u2019ouvre dans un nouvel onglet)\" href=\"http:\/\/ssp-infoterre.brgm.fr\/sites\/default\/files\/upload\/documents\/methodo_ssp_2017.pdf\" target=\"_blank\">La M\u00e9thodologie nationale de gestion des sites et sols pollu\u00e9s<\/a> publi\u00e9e en 2017 par le minist\u00e8re de l\u2019environnement rappelle page 122 :<br> \u00ab Le co\u00fbt des mesures cibl\u00e9es ou de plus grande ampleur, ainsi que leur p\u00e9rennit\u00e9 dans le temps, doivent \u00eatre mis en perspective des mesures d\u2019\u00e9loignement d\u00e9finitives des populations \u00bb.<\/p>\n","protected":false},"excerpt":{"rendered":"<p>Une mine peut-elle r\u00e9soudre des probl\u00e8mes de ch\u00f4mage dans le Tarn ? Aujourd&rsquo;hui, le secteur de Fontrieu et ses alentours est un secteur dynamique,avec une qualit\u00e9 de vie remarquable :fromagerie, eaux min\u00e9rales, agriculture, vente d&rsquo;eau par la commune, tourisme \u2192 Chiffre d&rsquo;affaires : des dizaines de millions d&rsquo;euros \u2192 Vente d&rsquo;eau par la mairie : [&hellip;]<\/p>\n","protected":false},"author":3,"featured_media":0,"parent":680,"menu_order":0,"comment_status":"closed","ping_status":"closed","template":"","meta":[],"_links":{"self":[{"href":"https:\/\/stopmines81.org\/index.php\/wp-json\/wp\/v2\/pages\/702"}],"collection":[{"href":"https:\/\/stopmines81.org\/index.php\/wp-json\/wp\/v2\/pages"}],"about":[{"href":"https:\/\/stopmines81.org\/index.php\/wp-json\/wp\/v2\/types\/page"}],"author":[{"embeddable":true,"href":"https:\/\/stopmines81.org\/index.php\/wp-json\/wp\/v2\/users\/3"}],"replies":[{"embeddable":true,"href":"https:\/\/stopmines81.org\/index.php\/wp-json\/wp\/v2\/comments?post=702"}],"version-history":[{"count":8,"href":"https:\/\/stopmines81.org\/index.php\/wp-json\/wp\/v2\/pages\/702\/revisions"}],"predecessor-version":[{"id":710,"href":"https:\/\/stopmines81.org\/index.php\/wp-json\/wp\/v2\/pages\/702\/revisions\/710"}],"up":[{"embeddable":true,"href":"https:\/\/stopmines81.org\/index.php\/wp-json\/wp\/v2\/pages\/680"}],"wp:attachment":[{"href":"https:\/\/stopmines81.org\/index.php\/wp-json\/wp\/v2\/media?parent=702"}],"curies":[{"name":"wp","href":"https:\/\/api.w.org\/{rel}","templated":true}]}}