{"id":682,"date":"2020-01-04T17:37:58","date_gmt":"2020-01-04T16:37:58","guid":{"rendered":"http:\/\/stopmines81.org\/?page_id=682"},"modified":"2020-01-04T17:37:58","modified_gmt":"2020-01-04T16:37:58","slug":"682-2","status":"publish","type":"page","link":"https:\/\/stopmines81.org\/index.php\/682-2\/","title":{"rendered":""},"content":{"rendered":"\n<p style=\"background-color:#104d18\" class=\"has-text-color has-background has-text-align-center has-very-light-gray-color\"><strong>DIX CHOSES QUE TUNGST\u00c8NE DU NARBONNAIS<br> NE VOUS DIRA JAMAIS !<br>VOUS AVEZ S\u00dbREMENT ENTENDU DIRE QUE \u2026<\/strong><\/p>\n\n\n\n<p class=\"has-text-color has-background has-text-align-center has-very-dark-gray-color has-cyan-bluish-gray-background-color\"><strong>La\nmine allait cr\u00e9er 50 emplois<\/strong><\/p>\n\n\n\n<p>Rien ne garantit que la mine emploie des personnes localement car :<br><strong>-&gt; <\/strong>il n&rsquo;y a pas de personnel form\u00e9 et qualifi\u00e9 pour travailler dans les mines<br><strong>-&gt;<\/strong> la logique du profit maximum pousse les soci\u00e9t\u00e9s \u00e0 employer des travailleurs d\u00e9tach\u00e9s des pays de l&rsquo;Est ou autres ou par le biais de montages complexes du personnel \u00e9tranger \u00e0 un co\u00fbt encore plus d\u00e9risoire<br><strong>-&gt;<\/strong> dans ces conditions pr\u00e9caires, il n&rsquo;y aura aucune retomb\u00e9e sur le commerce local<\/p>\n\n\n\n<p class=\"has-background has-text-align-center has-cyan-bluish-gray-background-color\"><strong>Il faut d\u00e9velopper l&rsquo;\u00e9conomie locale<\/strong><br><strong>dans le PNR du Haut Languedoc<\/strong><\/p>\n\n\n\n<p>Le PNR a pour mission de favoriser le d\u00e9veloppement \u00e9conomique mais aussi de prot\u00e9ger l&rsquo;environnement. Or, une mine est nuisible pour l&rsquo;environnement et donc incompatible avec les objectifs du PNR. Le d\u00e9veloppement \u00e9conomique passe par autre chose qu&rsquo;une mine. D&rsquo;autant que nous poss\u00e9dons d\u2019autres atouts !<br>D\u00e9truire des emplois existants en agriculture, tourisme et autres fili\u00e8res de qualit\u00e9 pour en cr\u00e9er de nouveaux, qui ne dureront pas, est-ce cela que nous voulons ?<\/p>\n\n\n\n<p class=\"has-background has-text-align-center has-cyan-bluish-gray-background-color\"><strong>La\nmine serait propre comme celle de Mittersill en Autriche, les\nst\u00e9riles seraient r\u00e9-enfouis \u00e0 l&rsquo;int\u00e9rieur des galeries,\nl&rsquo;exploration et l&rsquo;exploitation seront souterraines, il n&rsquo;y aura\naucune nuisance visuelle, sonore ou environnementale, les techniques\nd&rsquo;extraction ont \u00e9volu\u00e9, ce n&rsquo;est plus comme \u00e0 Salsigne.\nMaintenant, on ne pollue plus !<\/strong><\/p>\n\n\n\n<p>Tungst\u00e8ne du Narbonnais ne vous montre pas l&rsquo;envers du d\u00e9cor, des st\u00e9riles, des bassins de d\u00e9cantation, la pollution.<br>-&gt; impossible de r\u00e9-enfouir la totalit\u00e9 des st\u00e9riles car le volume de la roche broy\u00e9e est trop important.<br>-&gt; ces st\u00e9riles contiennent des sulfures qui, par oxydation, lib\u00e8rent de l&rsquo;arsenic, du zinc, du fer ainsi que des produits divers de traitement du minerai (cyanure et autres) polluant les sols et les rivi\u00e8res d\u00e8s leur source.<br>-&gt; le drainage minier acide, cons\u00e9quence naturelle bien connue des exploitations mini\u00e8res, provoque une acidification importante des eaux de ruissellement.<br>-&gt; l&rsquo;arsenic, connu pour \u00eatre un poison responsable entre autres de cancers de la peau et du foie, ne doit pas d\u00e9passer la limite de potabilit\u00e9 de 10 microgrammes\/litre d&rsquo;eau. Les sources d&rsquo;eau potable publiques du voisinage ont d\u00e9j\u00e0 bien du mal \u00e0 respecter cette derni\u00e8re en raison de sa pr\u00e9sence av\u00e9r\u00e9e !<br>-&gt; une partie du site (Fumade) pourrait \u00eatre exploit\u00e9e \u00e0 ciel ouvert, entra\u00eenant outre une d\u00e9gradation paysag\u00e8re, des d\u00e9gagements de poussi\u00e8res riches en silicates provoquant des pathologies respiratoires (silicose) sur les riverains et les animaux.<br>-&gt; des interdictions de commercialisation des produits contamin\u00e9s \u00e0 l&rsquo;arsenic, condamneront les paysans \u00e0 dispara\u00eetre. Il en ira de m\u00eame pour le tourisme vert et productions locales de qualit\u00e9 (eaux de table, charcuterie, fromages, miel, c\u00e9r\u00e9ales, etc).<br>-&gt; pour les p\u00eacheurs, l&rsquo;avenir de nos cours d&rsquo;eau est sombre : poissons pollu\u00e9s \u00e0 l&rsquo;arsenic, danger de rupture de digues de st\u00e9riles entra\u00eenant un empoisonnement de toute la vie aquatique en aval.<br>-&gt; quelle sera la quantit\u00e9 d&rsquo;eau quotidienne n\u00e9cessaire \u00e0 l&rsquo;extraction du minerai et \u00e0 son traitement ? La question doit \u00eatre pos\u00e9e dans un contexte de rar\u00e9faction des ressources.<\/p>\n\n\n\n<p class=\"has-background has-text-align-center has-cyan-bluish-gray-background-color\"><strong>La\nmine verserait de l&rsquo;argent \u00e0 la commune<\/strong><\/p>\n\n\n\n<p>La\ncommune et la communaut\u00e9 de communes toucheront quelques milliers\nd&rsquo;euros par an = des miettes au regard du CA envisag\u00e9 (+ 500\nmillions d&rsquo;\u20ac) ! Elle le d\u00e9pensera largement pour remettre en \u00e9tat\nles routes d\u00e9fonc\u00e9es par les camions mais aussi pour investir dans\ndes stations de d\u00e9sarsenication afin de rendre l&rsquo;eau aux normes de\npotabilit\u00e9.<\/p>\n\n\n\n<p class=\"has-background has-text-align-center has-cyan-bluish-gray-background-color\"><strong>La mine verserait des dommages-int\u00e9r\u00eats<\/strong><br><strong>aux agriculteurs et riverains impact\u00e9s<\/strong><\/p>\n\n\n\n<p>Pour\nun forage, TDN indemnise \u00e0 hauteur de 100 \u00e0 300 \u20ac seulement par\nplate-forme de forage.<\/p>\n\n\n\n<p class=\"has-background has-text-align-center has-cyan-bluish-gray-background-color\"><strong>C&rsquo;est une soci\u00e9t\u00e9 fran\u00e7aise<\/strong><br><strong>Tungst\u00e8ne du Narbonnais<\/strong><br><strong>qui va g\u00e9rer le site<\/strong><\/p>\n\n\n\n<p>NON\n! Derri\u00e8re tout cela, il y a le g\u00e9ant du BTP sud-africain RAUBEX\nGroup LTD qui a cr\u00e9\u00e9 une succursale \u00e0 Guernesey (paradis fiscal)\nqui va sous-traiter \u00e0 TDN, soci\u00e9t\u00e9 fran\u00e7aise au capital social de\n1000 \u20ac, s&rsquo;engageant \u00e0 hauteur de 11,2 millions d&rsquo;\u20ac pour le seul\nPERM. Plus qu&rsquo;improbable !<\/p>\n\n\n\n<p class=\"has-background has-text-align-center has-cyan-bluish-gray-background-color\"><strong>La r\u00e9serve de la Fumade <\/strong><br><strong>a \u00e9t\u00e9 gard\u00e9e de c\u00f4t\u00e9 au cas o\u00f9 on en aurait besoin<\/strong><\/p>\n\n\n\n<p>La\nvraie raison est qu&rsquo;\u00e0 la suite des travaux d&rsquo;exploration,\nl&rsquo;exploitation n&rsquo;a pas eu lieu dans les ann\u00e9es 80 car les cours du\ntungst\u00e8ne \u00e9taient descendus au plus bas et que cela ne rapportait\nplus rien.<\/p>\n\n\n\n<p class=\"has-background has-text-align-center has-cyan-bluish-gray-background-color\"><strong>Il n&rsquo;y aura pas d&rsquo;exploitation avant longtemps, pour l&rsquo;instant,<\/strong><br><strong>ils vont juste explorer et voir si \u00e7a vaut le coup<\/strong><\/p>\n\n\n\n<p>Comment\nimaginer qu&rsquo;une soci\u00e9t\u00e9 investisse plus de 11 millions d&rsquo;euros pour\nexplorer uniquement et \u00e9valuer les richesses. Par le pass\u00e9, le BRGM\net Elf Aquitaine ont fait des prospections et on sait de source s\u00fbre\nqu&rsquo;il s&rsquo;agit d&rsquo;un gisement majeur. Le droit de suite dont b\u00e9n\u00e9ficie\ntout titulaire d&rsquo;un PERM leur permettra d&rsquo;obtenir des concessions\nexclusives sur l&rsquo;exploitation de tous les minerais cit\u00e9s dans le\nPERM.\u00a0\u00bbSi le p\u00e9titionnaire obtient le permis exclusif de\nrecherche de mines, il d\u00e9tiendra l\u2019exclusivit\u00e9 des recherches des\nsubstances list\u00e9es dans sa demande sur le p\u00e9rim\u00e8tre vis\u00e9.\nEnsuite, il pourra, le cas \u00e9ch\u00e9ant, demander, durant la validit\u00e9\ndu permis exclusif de recherche, une concession d\u2019exploitation.\u00a0\u00bb<\/p>\n\n\n\n<p class=\"has-background has-text-align-center has-cyan-bluish-gray-background-color\"><strong>On\nva manquer de terres rares, on ne pourra plus fabriquer tous les\nobjets \u00e9lectroniques de notre quotidien (\u00e9crans LCD, t\u00e9l\u00e9phones\nportables\u2026) et les outils de travail (pour tailler le granit, pour\npercer\u2026) La Chine ne veut plus exporter de m\u00e9taux rares car ils se\nrecyclent peu et co\u00fbtent cher<\/strong><\/p>\n\n\n\n<p>Les\nterres rares ne pourront \u00eatre pr\u00e9lev\u00e9es \u00e0 l&rsquo;infini dans le\nsous-sol, elles sont n\u00e9cessairement limit\u00e9es. Par ex, pour le\ntungst\u00e8ne, il reste dans le monde 36 ans d&rsquo;exploitation au rythme\nactuel de production et seulement 14 ans si on accro\u00eet la production\nde 10 % par an. Le recyclage est une alternative. Une \u00e9tude des\nNations-Unies portant sur 60 m\u00e9taux note que moins du tiers ont un\ntaux de recyclage de plus de 50 % alors m\u00eame que la faisabilit\u00e9\ntechnique est assur\u00e9e. Dans le domaine de la nano\u00e9lectronique, les\nmat\u00e9riaux 2D \u00e9mergents vont remplacer les m\u00e9taux nobles existants\npour remplir une fonction sp\u00e9cifique dans divers appareils. La Chine\nposs\u00e8de 60 % des r\u00e9serves mondiales et fait la loi sur les cours\nmondiaux : elle a instaur\u00e9 des quotas de production qui influent sur\nles prix, \u00e0 partir de 2010. En 2015, elle d\u00e9cide de supprimer les\nquotas : baisse des prix \u00e0 22 dollars\/kg. En mars 2019, elle remet\nles quotas en place : hausse des prix. Les d\u00e9p\u00f4ts de PERM\nfleurissent partout en France, car il y a de l&rsquo;argent \u00e0 gagner pour\nles investisseurs \u00e9trangers.<\/p>\n\n\n\n<p class=\"has-background has-text-align-center has-cyan-bluish-gray-background-color\"><strong>Si l\u2019\u00c9tat accorde le PERM, on ne pourra rien y faire,<\/strong><br><strong>c&rsquo;est d\u00e9cid\u00e9, \u00e7a ne sert \u00e0 rien de s&rsquo;y opposer<\/strong><\/p>\n\n\n\n<p>Tout\nd\u00e9montre le contraire : seule la mobilisation des opposants \u00e0 ces\nprojets d\u00e9vastateurs est parvenue \u00e0 l&rsquo;annulation des PERM : en\nBretagne, en Ari\u00e8ge, dans la Creuse. Le sous-sol appartient \u00e0\nl\u2019\u00c9tat, certes, mais l\u2019\u00c9tat c&rsquo;est vous ! Vous avez votre mot \u00e0\ndire et pouvez nous rejoindre au sein de l&rsquo;association STOP MINES 81.<\/p>\n","protected":false},"excerpt":{"rendered":"<p>DIX CHOSES QUE TUNGST\u00c8NE DU NARBONNAIS NE VOUS DIRA JAMAIS !VOUS AVEZ S\u00dbREMENT ENTENDU DIRE QUE \u2026 La mine allait cr\u00e9er 50 emplois Rien ne garantit que la mine emploie des personnes localement car :-&gt; il n&rsquo;y a pas de personnel form\u00e9 et qualifi\u00e9 pour travailler dans les mines-&gt; la logique du profit maximum pousse [&hellip;]<\/p>\n","protected":false},"author":3,"featured_media":0,"parent":0,"menu_order":0,"comment_status":"closed","ping_status":"closed","template":"","meta":[],"_links":{"self":[{"href":"https:\/\/stopmines81.org\/index.php\/wp-json\/wp\/v2\/pages\/682"}],"collection":[{"href":"https:\/\/stopmines81.org\/index.php\/wp-json\/wp\/v2\/pages"}],"about":[{"href":"https:\/\/stopmines81.org\/index.php\/wp-json\/wp\/v2\/types\/page"}],"author":[{"embeddable":true,"href":"https:\/\/stopmines81.org\/index.php\/wp-json\/wp\/v2\/users\/3"}],"replies":[{"embeddable":true,"href":"https:\/\/stopmines81.org\/index.php\/wp-json\/wp\/v2\/comments?post=682"}],"version-history":[{"count":1,"href":"https:\/\/stopmines81.org\/index.php\/wp-json\/wp\/v2\/pages\/682\/revisions"}],"predecessor-version":[{"id":683,"href":"https:\/\/stopmines81.org\/index.php\/wp-json\/wp\/v2\/pages\/682\/revisions\/683"}],"wp:attachment":[{"href":"https:\/\/stopmines81.org\/index.php\/wp-json\/wp\/v2\/media?parent=682"}],"curies":[{"name":"wp","href":"https:\/\/api.w.org\/{rel}","templated":true}]}}