{"id":67,"date":"2019-07-14T00:45:07","date_gmt":"2019-07-13T22:45:07","guid":{"rendered":"http:\/\/stopmines81.org\/?page_id=67"},"modified":"2019-10-05T19:10:22","modified_gmt":"2019-10-05T17:10:22","slug":"le-projet-dexploration-du-minerai-de-tungstene","status":"publish","type":"page","link":"https:\/\/stopmines81.org\/index.php\/le-projet-dexploration-du-minerai-de-tungstene\/","title":{"rendered":"Le projet d&rsquo;exploration du minerai de tungst\u00e8ne de Fontrieu"},"content":{"rendered":"\n<p>La soci\u00e9t\u00e9 TUNGSTENE DU NARBONNAIS a sollicit\u00e9 l&rsquo;attribution d&rsquo;un PERM (permis exclusif de recherches de mines) pour du tungst\u00e8ne, or, bismuth, \u00e9tain, molybd\u00e8ne, tellure, antimoine, zinc, cuivre, indium, scandium et substances connexes, pour une dur\u00e9e de 5 ans, sur la commune de FONTRIEU, dans les Monts de Lacaune (Tarn).<\/p>\n\n\n\n<p>Cela couvre une superficie de 4,5 km\u00b2 (450 ha).<\/p>\n\n\n\n<p>Fontrieu regroupe depuis 2016, 3 anciennes communes : Castelnau de Brassac, Ferri\u00e8res et le Margn\u00e9s.<\/p>\n\n\n\n<p>Dans les ann\u00e9es 60-80, un inventaire minier a d\u00e9j\u00e0 \u00e9t\u00e9 fait r\u00e9v\u00e9lant la pr\u00e9sence de tungst\u00e8ne \u00e0 la Fumade (compris dans la superficie des 4,5 km\u00b2). On parle du plus grand gisement d&rsquo;Europe, voire mondial. Tout n&rsquo;a pas \u00e9t\u00e9 \u00e9tudi\u00e9 notamment au nord de la Fumade.<\/p>\n\n\n\n<p>Une association STOP MINES 81  a \u00e9t\u00e9 cr\u00e9\u00e9e le 19 juin 2019 afin d&rsquo;alerter la population locale et de contester ce projet qui repr\u00e9sente des risques consid\u00e9rables sur le plan environnemental, de la sant\u00e9 et de la qualit\u00e9 de vie. A ce jour, nous sommes d\u00e9j\u00e0 plus de 280 d&rsquo;adh\u00e9rents.<\/p>\n\n\n\n<p>Le jeudi 25 juillet 2019, le collectif a remis \u00e0 la Pr\u00e9fecture les refus de pr\u00e9l\u00e8vements et de forages des propri\u00e9taires et locataires des parcelles concern\u00e9s. De nombreux adh\u00e9rents \u00e9taient pr\u00e9sents pour manifester devant les locaux de la Pr\u00e9fecture d\u2019Albi.<\/p>\n\n\n\n<p>Une journ\u00e9e conviviale de mobilisation et de sensibilisation  a eu lieu le 1er septembre \u00e0 Sablayrolles.<\/p>\n","protected":false},"excerpt":{"rendered":"<p>La soci\u00e9t\u00e9 TUNGSTENE DU NARBONNAIS a sollicit\u00e9 l&rsquo;attribution d&rsquo;un PERM (permis exclusif de recherches de mines) pour du tungst\u00e8ne, or, bismuth, \u00e9tain, molybd\u00e8ne, tellure, antimoine, zinc, cuivre, indium, scandium et substances connexes, pour une dur\u00e9e de 5 ans, sur la commune de FONTRIEU, dans les Monts de Lacaune (Tarn). Cela couvre une superficie de 4,5 [&hellip;]<\/p>\n","protected":false},"author":3,"featured_media":0,"parent":0,"menu_order":0,"comment_status":"closed","ping_status":"closed","template":"","meta":[],"_links":{"self":[{"href":"https:\/\/stopmines81.org\/index.php\/wp-json\/wp\/v2\/pages\/67"}],"collection":[{"href":"https:\/\/stopmines81.org\/index.php\/wp-json\/wp\/v2\/pages"}],"about":[{"href":"https:\/\/stopmines81.org\/index.php\/wp-json\/wp\/v2\/types\/page"}],"author":[{"embeddable":true,"href":"https:\/\/stopmines81.org\/index.php\/wp-json\/wp\/v2\/users\/3"}],"replies":[{"embeddable":true,"href":"https:\/\/stopmines81.org\/index.php\/wp-json\/wp\/v2\/comments?post=67"}],"version-history":[{"count":11,"href":"https:\/\/stopmines81.org\/index.php\/wp-json\/wp\/v2\/pages\/67\/revisions"}],"predecessor-version":[{"id":448,"href":"https:\/\/stopmines81.org\/index.php\/wp-json\/wp\/v2\/pages\/67\/revisions\/448"}],"wp:attachment":[{"href":"https:\/\/stopmines81.org\/index.php\/wp-json\/wp\/v2\/media?parent=67"}],"curies":[{"name":"wp","href":"https:\/\/api.w.org\/{rel}","templated":true}]}}