{"id":644,"date":"2019-12-19T15:48:25","date_gmt":"2019-12-19T14:48:25","guid":{"rendered":"http:\/\/stopmines81.org\/?page_id=644"},"modified":"2019-12-19T15:48:25","modified_gmt":"2019-12-19T14:48:25","slug":"tungstene-du-narbonnais","status":"publish","type":"page","link":"https:\/\/stopmines81.org\/index.php\/les-faces-cachees-du-projet\/tungstene-du-narbonnais\/","title":{"rendered":"Tungst\u00e8ne du Narbonnais"},"content":{"rendered":"\n<div class=\"wp-block-image\"><figure class=\"aligncenter size-full\"><img loading=\"lazy\" width=\"427\" height=\"263\" src=\"https:\/\/stopmines81.org\/wp-content\/uploads\/2019\/12\/flute.jpg\" alt=\"\" class=\"wp-image-649\" srcset=\"https:\/\/stopmines81.org\/wp-content\/uploads\/2019\/12\/flute.jpg 427w, https:\/\/stopmines81.org\/wp-content\/uploads\/2019\/12\/flute-300x185.jpg 300w\" sizes=\"(max-width: 427px) 100vw, 427px\" \/><\/figure><\/div>\n\n\n\n<p class=\"has-text-color has-text-align-center has-large-font-size has-vivid-red-color\"><strong>Une Soci\u00e9t\u00e9 \u00e0 notre \u00e9coute !!!!<\/strong><\/p>\n\n\n\n<p style=\"color:#523b3b\" class=\"has-text-color has-medium-font-size\"><strong>Lors de la r\u00e9union du mardi 3 d\u00e9cembre 2019, nous avons assist\u00e9 \u00e0 une superbe d\u00e9monstration de joueurs de pipeau.<\/strong><\/p>\n\n\n\n<p>Dans le monde merveilleux de TDN, si la population de Fontrieu ne veut pas de traitement chimique par flottation, TDN proclame qu&rsquo;il n&rsquo;y en aura pas\u00a0!<\/p>\n\n\n\n<p>Dans le monde merveilleux de TDN, si la population de Fontrieu ne veut pas de bassin de d\u00e9cantation en ext\u00e9rieur, TDN nous rassure, promettant oralement que la gravim\u00e9trie n\u2019en requiert pas.<\/p>\n\n\n\n<p>Dans le monde merveilleux de TDN, si la population de Fontrieu ne veut pas de mine \u00e0 ciel ouvert, TDN assure que tout se fera en souterrain.<\/p>\n\n\n\n<p>Dans le monde merveilleux de TDN, si la population de Fontrieu ne veut pas de collines de st\u00e9riles d\u00e9figurant le paysage et polluant l&rsquo;environnement, TDN promet qu&rsquo;elle en renverra 90\u00a0%\u00a0dans les galeries : du jamais vu\u00a0! *<\/p>\n\n\n\n<p>Dans le monde merveilleux de TDN, si la population de Fontrieu ne veut pas d&rsquo;usine class\u00e9e SEVESO sur son territoire, TDN a r\u00e9ponse \u00e0 tout\u00a0: elle sous-traitera la scheelite \u00e0 l&rsquo;\u00e9tranger, Espagne, Allemagne \u2026 se moquant bien de la pollution li\u00e9e aux transports<\/p>\n\n\n\n<p>Dans le monde merveilleux de TDN, quand la population de Fontrieu lui demande de partir                            TDN ne r\u00e9pond pas\u00a0!<\/p>\n\n\n\n<p>Ce mardi 3 d\u00e9cembre, le num\u00e9ro de l&rsquo;acceptabilit\u00e9 sociale \u00e9tait parfaitement rod\u00e9. Mr Muselier, patron de TACT, l&rsquo;agence de communication qui travaille en tandem avec TDN, y excelle.<\/p>\n\n\n\n<p class=\"has-text-color has-background has-medium-font-size has-very-light-gray-color has-vivid-red-background-color\"><strong>Tout ce qui n&rsquo;est pas \u00e9crit sur le dossier de PERM (re\u00e7u en ao\u00fbt 2018) n&rsquo;a aucune valeur juridique et n&rsquo;engage en aucune fa\u00e7on TDN. Toutes les autorisations et enqu\u00eates publiques seront subordonn\u00e9es \u00e0 des \u00e9crits.<\/strong><\/p>\n\n\n\n<p class=\"has-text-color has-very-dark-gray-color\">*\nau mieux 50&nbsp;% dans la r\u00e9alit\u00e9<\/p>\n","protected":false},"excerpt":{"rendered":"<p>Une Soci\u00e9t\u00e9 \u00e0 notre \u00e9coute !!!! Lors de la r\u00e9union du mardi 3 d\u00e9cembre 2019, nous avons assist\u00e9 \u00e0 une superbe d\u00e9monstration de joueurs de pipeau. Dans le monde merveilleux de TDN, si la population de Fontrieu ne veut pas de traitement chimique par flottation, TDN proclame qu&rsquo;il n&rsquo;y en aura pas\u00a0! Dans le monde [&hellip;]<\/p>\n","protected":false},"author":3,"featured_media":0,"parent":620,"menu_order":0,"comment_status":"closed","ping_status":"closed","template":"","meta":[],"_links":{"self":[{"href":"https:\/\/stopmines81.org\/index.php\/wp-json\/wp\/v2\/pages\/644"}],"collection":[{"href":"https:\/\/stopmines81.org\/index.php\/wp-json\/wp\/v2\/pages"}],"about":[{"href":"https:\/\/stopmines81.org\/index.php\/wp-json\/wp\/v2\/types\/page"}],"author":[{"embeddable":true,"href":"https:\/\/stopmines81.org\/index.php\/wp-json\/wp\/v2\/users\/3"}],"replies":[{"embeddable":true,"href":"https:\/\/stopmines81.org\/index.php\/wp-json\/wp\/v2\/comments?post=644"}],"version-history":[{"count":12,"href":"https:\/\/stopmines81.org\/index.php\/wp-json\/wp\/v2\/pages\/644\/revisions"}],"predecessor-version":[{"id":657,"href":"https:\/\/stopmines81.org\/index.php\/wp-json\/wp\/v2\/pages\/644\/revisions\/657"}],"up":[{"embeddable":true,"href":"https:\/\/stopmines81.org\/index.php\/wp-json\/wp\/v2\/pages\/620"}],"wp:attachment":[{"href":"https:\/\/stopmines81.org\/index.php\/wp-json\/wp\/v2\/media?parent=644"}],"curies":[{"name":"wp","href":"https:\/\/api.w.org\/{rel}","templated":true}]}}