{"id":634,"date":"2019-12-18T13:45:29","date_gmt":"2019-12-18T12:45:29","guid":{"rendered":"http:\/\/stopmines81.org\/?page_id=634"},"modified":"2019-12-18T14:24:12","modified_gmt":"2019-12-18T13:24:12","slug":"le-mirage-de-lemploi-et-des-retombees-economiques","status":"publish","type":"page","link":"https:\/\/stopmines81.org\/index.php\/les-faces-cachees-du-projet\/le-mirage-de-lemploi-et-des-retombees-economiques\/","title":{"rendered":"Le mirage de l&#8217;emploi et des retomb\u00e9es \u00e9conomiques"},"content":{"rendered":"\n<p>Une mine \u00e0\nFontrieu r\u00e9sorberait-elle les probl\u00e8mes de ch\u00f4mage local&nbsp;?<\/p>\n\n\n\n<p>Le taux de ch\u00f4mage\n\u00e0 Fontrieu n&rsquo;est pas exceptionnellement haut, il est proche de la\nmoyenne tarnaise qui est de 8,9&nbsp;% \u00e0 peine au-dessus de celui de\nla France (8,5%).<\/p>\n\n\n\n<p>Une mine emploie en\nmajorit\u00e9 des personnes sp\u00e9cialis\u00e9es&nbsp;: g\u00e9ologue, g\u00e9ochimiste,\ng\u00e9ophysicien, m\u00e9tallurgiste, technologue minier, ing\u00e9nieur\ng\u00e9omaticien, conducteur d&rsquo;engins, informaticien, g\u00e9nie minier \u2026\nLa cr\u00e9ation possible d&#8217;emplois n\u2019est\npas ni\u00e9e mais ce seront en majorit\u00e9 des personnes qualifi\u00e9es\nvenues d&rsquo;autres horizons,\net non du\nbassin local, compte tenu des technicit\u00e9s n\u00e9cessaires\nquelques ann\u00e9es seulement. \n<\/p>\n\n\n\n<p>Quant \u00e0 la\npromesse de former le personnel localement,\nelle ne pourra concerner que quelques\nemplois subalternes (conduite d\u2019engins, sous-traitances diverses,\n\u2026).\nAinsi, quand\nla soci\u00e9t\u00e9 Tungst\u00e8ne du Narbonnais\n(TdN)\npromet une\nmyriade d&#8217;emplois locaux, ce n&rsquo;est donc qu&rsquo;un mirage.<\/p>\n\n\n\n<p>Par ailleurs, TdN elle-m\u00eame a ajout\u00e9 \u00e0 cette illusion une contradiction flagrante \u00e0 ses vell\u00e9it\u00e9s initiales, en affirmant publiquement<a href=\"#sdfootnote1sym\"><sup>1<\/sup><\/a> le 3 d\u00e9cembre dernier vouloir d\u00e9localiser compl\u00e8tement le traitement industriel du minerai, ce qui implique une r\u00e9duction d&rsquo;autant plus drastique du potentiel d&#8217;emplois&nbsp;!<\/p>\n\n\n\n<p>Quant aux retomb\u00e9es \u00e9conomiques, elles sont plus que relatives et incertaines\u00a0:<br>-Tungst\u00e8ne du Narbonnais a avanc\u00e9 un chiffre de 150 000 \u20ac annuel d&rsquo;imp\u00f4ts locaux, des miettes quand on sait que le chiffre d&rsquo;affaire potentiel d\u00e9passerait largement les 300 millions d&rsquo;euros<br>&#8211; Tungst\u00e8ne du Narbonnais a propos\u00e9 \u00e0 la mairie de prendre des parts  dans l&rsquo;entreprise, mais attention au revers de la m\u00e9daille\u00a0: \u00ab\u00a0<em>les voies de communication, canalisations et installations de transport d\u00e9clar\u00e9s d&rsquo;utilit\u00e9 publique peuvent \u00eatre soumises \u00e0 des obligations de service public, dans les conditions \u00e9tablies par le cahier des charges<\/em>\u00a0\u00bb.  (article 153-16 du nouveau code minier, chapitre V). Cela pourrait  donc se traduire par un fiasco financier pour la commune de Fontrieu &#8230;<\/p>\n\n\n\n<p><a href=\"#sdfootnote1anc\">1<\/a>:\n\tattention aux paroles&nbsp;: seuls les documents officiellement\n\td\u00e9pos\u00e9s aupr\u00e8s des autorit\u00e9s administratives font foi&nbsp;!<\/p>\n","protected":false},"excerpt":{"rendered":"<p>Une mine \u00e0 Fontrieu r\u00e9sorberait-elle les probl\u00e8mes de ch\u00f4mage local&nbsp;? Le taux de ch\u00f4mage \u00e0 Fontrieu n&rsquo;est pas exceptionnellement haut, il est proche de la moyenne tarnaise qui est de 8,9&nbsp;% \u00e0 peine au-dessus de celui de la France (8,5%). Une mine emploie en majorit\u00e9 des personnes sp\u00e9cialis\u00e9es&nbsp;: g\u00e9ologue, g\u00e9ochimiste, g\u00e9ophysicien, m\u00e9tallurgiste, technologue minier, ing\u00e9nieur [&hellip;]<\/p>\n","protected":false},"author":3,"featured_media":0,"parent":620,"menu_order":0,"comment_status":"closed","ping_status":"closed","template":"","meta":[],"_links":{"self":[{"href":"https:\/\/stopmines81.org\/index.php\/wp-json\/wp\/v2\/pages\/634"}],"collection":[{"href":"https:\/\/stopmines81.org\/index.php\/wp-json\/wp\/v2\/pages"}],"about":[{"href":"https:\/\/stopmines81.org\/index.php\/wp-json\/wp\/v2\/types\/page"}],"author":[{"embeddable":true,"href":"https:\/\/stopmines81.org\/index.php\/wp-json\/wp\/v2\/users\/3"}],"replies":[{"embeddable":true,"href":"https:\/\/stopmines81.org\/index.php\/wp-json\/wp\/v2\/comments?post=634"}],"version-history":[{"count":4,"href":"https:\/\/stopmines81.org\/index.php\/wp-json\/wp\/v2\/pages\/634\/revisions"}],"predecessor-version":[{"id":643,"href":"https:\/\/stopmines81.org\/index.php\/wp-json\/wp\/v2\/pages\/634\/revisions\/643"}],"up":[{"embeddable":true,"href":"https:\/\/stopmines81.org\/index.php\/wp-json\/wp\/v2\/pages\/620"}],"wp:attachment":[{"href":"https:\/\/stopmines81.org\/index.php\/wp-json\/wp\/v2\/media?parent=634"}],"curies":[{"name":"wp","href":"https:\/\/api.w.org\/{rel}","templated":true}]}}