{"id":620,"date":"2019-12-10T19:38:13","date_gmt":"2019-12-10T18:38:13","guid":{"rendered":"http:\/\/stopmines81.org\/?page_id=620"},"modified":"2020-09-01T08:44:20","modified_gmt":"2020-09-01T06:44:20","slug":"les-faces-cachees-du-projet","status":"publish","type":"page","link":"https:\/\/stopmines81.org\/index.php\/les-faces-cachees-du-projet\/","title":{"rendered":""},"content":{"rendered":"\n<p style=\"font-size:19px\"><a href=\"https:\/\/stopmines81.org\/index.php\/les-faces-cachees-du-projet\/tungstene-du-narbonnais\/\" target=\"_blank\" rel=\"noreferrer noopener\"><strong>Les promesses de Tungst\u00e8ne du Narbonnais<\/strong><\/a><\/p>\n\n\n\n<p style=\"font-size:19px\"><a rel=\"noreferrer noopener\" aria-label=\" (s\u2019ouvre dans un nouvel onglet)\" href=\"http:\/\/stopmines81.org\/index.php\/les-faces-cachees-du-projet\/une-enfumade-profonde-pour-fumade-superficiel\/\" target=\"_blank\"><strong>Une mine \u00e0 ciel ouvert<\/strong><\/a><\/p>\n\n\n\n<p style=\"font-size:19px\"><a href=\"https:\/\/stopmines81.org\/?page_id=598\" target=\"_blank\" rel=\"noreferrer noopener\"><strong>Les d\u00e9chets miniers<\/strong><\/a><\/p>\n\n\n\n<p style=\"font-size:19px\"><a href=\"http:\/\/stopmines81.org\/index.php\/les-faces-cachees-du-projet\/le-mirage-de-lemploi-et-des-retombees-economiques\/\" target=\"_blank\" rel=\"noreferrer noopener\"><strong>L&#8217;emploi et les retomb\u00e9es \u00e9conomiques<\/strong><\/a><\/p>\n\n\n\n<p style=\"font-size:19px\"><a rel=\"noreferrer noopener\" aria-label=\" (s\u2019ouvre dans un nouvel onglet)\" href=\"https:\/\/stopmines81.org\/index.php\/les-faces-cachees-du-projet\/le-montage-financier-de-tungstene-du-narbonnais-tdn\/\" target=\"_blank\"><strong>Les montages financiers<\/strong><\/a><\/p>\n\n\n\n<p style=\"font-size:19px\"><a rel=\"noreferrer noopener\" href=\"https:\/\/stopmines81.org\/index.php\/les-faces-cachees-du-projet\/le-confinement-pour-le-tungstene-cest-a-vie\/\" target=\"_blank\"><strong>Le confinement du tungst\u00e8ne<\/strong><\/a><\/p>\n\n\n\n<p style=\"font-size:19px\"><a rel=\"noreferrer noopener\" href=\"https:\/\/stopmines81.org\/index.php\/2020\/06\/21\/comprendre-pour-mieux-se-defendre\/\" target=\"_blank\"><strong>Comprendre pour mieux se d\u00e9fendre<\/strong><\/a><\/p>\n\n\n\n<p style=\"font-size:19px\"><a rel=\"noreferrer noopener\" href=\"https:\/\/stopmines81.org\/index.php\/les-faces-cachees-du-projet\/les-omissions-et-imprecisions-de-tungstene-du-narbonnais\/\" target=\"_blank\"><strong>Les omissions et impr\u00e9cisions de Tungst\u00e8ne du Narbonnais<\/strong><\/a><\/p>\n","protected":false},"excerpt":{"rendered":"<p>Les promesses de Tungst\u00e8ne du Narbonnais Une mine \u00e0 ciel ouvert Les d\u00e9chets miniers L&#8217;emploi et les retomb\u00e9es \u00e9conomiques Les montages financiers Le confinement du tungst\u00e8ne Comprendre pour mieux se d\u00e9fendre Les omissions et impr\u00e9cisions de Tungst\u00e8ne du Narbonnais<\/p>\n","protected":false},"author":3,"featured_media":0,"parent":0,"menu_order":0,"comment_status":"closed","ping_status":"closed","template":"","meta":[],"_links":{"self":[{"href":"https:\/\/stopmines81.org\/index.php\/wp-json\/wp\/v2\/pages\/620"}],"collection":[{"href":"https:\/\/stopmines81.org\/index.php\/wp-json\/wp\/v2\/pages"}],"about":[{"href":"https:\/\/stopmines81.org\/index.php\/wp-json\/wp\/v2\/types\/page"}],"author":[{"embeddable":true,"href":"https:\/\/stopmines81.org\/index.php\/wp-json\/wp\/v2\/users\/3"}],"replies":[{"embeddable":true,"href":"https:\/\/stopmines81.org\/index.php\/wp-json\/wp\/v2\/comments?post=620"}],"version-history":[{"count":15,"href":"https:\/\/stopmines81.org\/index.php\/wp-json\/wp\/v2\/pages\/620\/revisions"}],"predecessor-version":[{"id":1087,"href":"https:\/\/stopmines81.org\/index.php\/wp-json\/wp\/v2\/pages\/620\/revisions\/1087"}],"wp:attachment":[{"href":"https:\/\/stopmines81.org\/index.php\/wp-json\/wp\/v2\/media?parent=620"}],"curies":[{"name":"wp","href":"https:\/\/api.w.org\/{rel}","templated":true}]}}