{"id":598,"date":"2019-12-11T09:21:00","date_gmt":"2019-12-11T08:21:00","guid":{"rendered":"http:\/\/stopmines81.org\/?page_id=598"},"modified":"2019-12-11T09:21:09","modified_gmt":"2019-12-11T08:21:09","slug":"les-residus-miniers","status":"publish","type":"page","link":"https:\/\/stopmines81.org\/index.php\/les-faces-cachees-du-projet\/les-residus-miniers\/","title":{"rendered":"Les r\u00e9sidus miniers"},"content":{"rendered":"\n<p>Les documents envoy\u00e9s au gouvernement par Tungst\u00e8ne du Narbonnais dans le cadre de la proc\u00e9dure du PERM font r\u00e9f\u00e9rence \u00e0 de multiples reprises \u00e0 la mine de tungst\u00e8ne de MITTERSILL en Autriche,&nbsp;recommand\u00e9e&nbsp;comme l&rsquo;exemple qui pourrait se concr\u00e9tiser chez nous.<\/p>\n\n\n\n<p>Elle est pr\u00e9sent\u00e9e comme une \u00ab\u00a0exploitation parfaitement int\u00e9gr\u00e9e d&rsquo;un point de vue environnemental et industriel\u00a0\u00bb (m\u00e9moire des travaux, tome II page 66). En attestent les photographies de ces installations propos\u00e9es dans ce m\u00eame document (page 67).<\/p>\n\n\n\n<p>\u00c9videmment, comme sur d&rsquo;autres aspects de ce dossier, &nbsp;n&rsquo;est pr\u00e9sent\u00e9e&nbsp;par les porteurs de ce projet minier qu&rsquo;une face de la r\u00e9alit\u00e9, forc\u00e9ment \u00e0 leur avantage.<\/p>\n\n\n\n<p class=\"has-text-color has-text-align-center has-medium-font-size has-vivid-red-color\"><strong>Voici une autre facette de cette r\u00e9alit\u00e9 qui&nbsp;est soigneusement dissimul\u00e9e.<\/strong><\/p>\n\n\n\n<figure class=\"wp-block-video aligncenter\"><video controls preload=\"none\" src=\"http:\/\/stopmines81.org\/wp-content\/uploads\/2019\/12\/video2.mp4\"><\/video><\/figure>\n\n\n\n<p>Il s&rsquo;agit des digues des r\u00e9sidus miniers de l&rsquo;exploitation de MITTERSILL (captations r\u00e9alis\u00e9es ces derni\u00e8res semaines), qui sont&nbsp;constitu\u00e9es&nbsp;par les boues des usines de traitement et de concentration des minerais extraits. La surface en jeu repr\u00e9sente environ 50 terrains de rugby&nbsp;vus&nbsp;du dessus, pour des hauteurs de plusieurs m\u00e8tres. Ces millions de m\u00e8tres-cubes de r\u00e9sidus y resteront d\u00e9finitivement.<\/p>\n\n\n\n<p class=\"has-text-color has-text-align-center has-large-font-size has-vivid-red-color\"><strong>En voulons-nous chez nous ?<\/strong><br><\/p>\n\n\n\n<figure class=\"wp-block-gallery aligncenter columns-2 is-cropped\"><ul class=\"blocks-gallery-grid\"><li class=\"blocks-gallery-item\"><figure><img loading=\"lazy\" width=\"1024\" height=\"723\" src=\"http:\/\/stopmines81.org\/wp-content\/uploads\/2019\/12\/IMG_1104.cleaned-1024x723.jpg\" alt=\"\" data-id=\"602\" data-link=\"http:\/\/stopmines81.org\/img_1104-cleaned\/\" class=\"wp-image-602\" srcset=\"https:\/\/stopmines81.org\/wp-content\/uploads\/2019\/12\/IMG_1104.cleaned-1024x723.jpg 1024w, https:\/\/stopmines81.org\/wp-content\/uploads\/2019\/12\/IMG_1104.cleaned-300x212.jpg 300w, https:\/\/stopmines81.org\/wp-content\/uploads\/2019\/12\/IMG_1104.cleaned-768x542.jpg 768w\" sizes=\"(max-width: 1024px) 100vw, 1024px\" \/><\/figure><\/li><li class=\"blocks-gallery-item\"><figure><img loading=\"lazy\" width=\"1024\" height=\"498\" src=\"http:\/\/stopmines81.org\/wp-content\/uploads\/2019\/12\/20190918_111056.cleaned-1024x498.jpg\" alt=\"\" data-id=\"601\" data-link=\"http:\/\/stopmines81.org\/20190918_111056-cleaned\/\" class=\"wp-image-601\" srcset=\"https:\/\/stopmines81.org\/wp-content\/uploads\/2019\/12\/20190918_111056.cleaned-1024x498.jpg 1024w, https:\/\/stopmines81.org\/wp-content\/uploads\/2019\/12\/20190918_111056.cleaned-300x146.jpg 300w, https:\/\/stopmines81.org\/wp-content\/uploads\/2019\/12\/20190918_111056.cleaned-768x373.jpg 768w\" sizes=\"(max-width: 1024px) 100vw, 1024px\" \/><\/figure><\/li><li class=\"blocks-gallery-item\"><figure><img loading=\"lazy\" width=\"1024\" height=\"498\" src=\"http:\/\/stopmines81.org\/wp-content\/uploads\/2019\/12\/20190918_111044.cleaned-1024x498.jpg\" alt=\"\" data-id=\"600\" data-link=\"http:\/\/stopmines81.org\/20190918_111044-cleaned\/\" class=\"wp-image-600\" srcset=\"https:\/\/stopmines81.org\/wp-content\/uploads\/2019\/12\/20190918_111044.cleaned-1024x498.jpg 1024w, https:\/\/stopmines81.org\/wp-content\/uploads\/2019\/12\/20190918_111044.cleaned-300x146.jpg 300w, https:\/\/stopmines81.org\/wp-content\/uploads\/2019\/12\/20190918_111044.cleaned-768x373.jpg 768w\" sizes=\"(max-width: 1024px) 100vw, 1024px\" \/><\/figure><\/li><li class=\"blocks-gallery-item\"><figure><img loading=\"lazy\" width=\"1024\" height=\"498\" src=\"http:\/\/stopmines81.org\/wp-content\/uploads\/2019\/12\/20190918_110913.cleaned-1024x498.jpg\" alt=\"\" data-id=\"599\" data-link=\"http:\/\/stopmines81.org\/20190918_110913-cleaned\/\" class=\"wp-image-599\" srcset=\"https:\/\/stopmines81.org\/wp-content\/uploads\/2019\/12\/20190918_110913.cleaned-1024x498.jpg 1024w, https:\/\/stopmines81.org\/wp-content\/uploads\/2019\/12\/20190918_110913.cleaned-300x146.jpg 300w, https:\/\/stopmines81.org\/wp-content\/uploads\/2019\/12\/20190918_110913.cleaned-768x373.jpg 768w\" sizes=\"(max-width: 1024px) 100vw, 1024px\" \/><\/figure><\/li><\/ul><\/figure>\n","protected":false},"excerpt":{"rendered":"<p>Les documents envoy\u00e9s au gouvernement par Tungst\u00e8ne du Narbonnais dans le cadre de la proc\u00e9dure du PERM font r\u00e9f\u00e9rence \u00e0 de multiples reprises \u00e0 la mine de tungst\u00e8ne de MITTERSILL en Autriche,&nbsp;recommand\u00e9e&nbsp;comme l&rsquo;exemple qui pourrait se concr\u00e9tiser chez nous. Elle est pr\u00e9sent\u00e9e comme une \u00ab\u00a0exploitation parfaitement int\u00e9gr\u00e9e d&rsquo;un point de vue environnemental et industriel\u00a0\u00bb (m\u00e9moire [&hellip;]<\/p>\n","protected":false},"author":3,"featured_media":0,"parent":620,"menu_order":0,"comment_status":"closed","ping_status":"closed","template":"","meta":[],"_links":{"self":[{"href":"https:\/\/stopmines81.org\/index.php\/wp-json\/wp\/v2\/pages\/598"}],"collection":[{"href":"https:\/\/stopmines81.org\/index.php\/wp-json\/wp\/v2\/pages"}],"about":[{"href":"https:\/\/stopmines81.org\/index.php\/wp-json\/wp\/v2\/types\/page"}],"author":[{"embeddable":true,"href":"https:\/\/stopmines81.org\/index.php\/wp-json\/wp\/v2\/users\/3"}],"replies":[{"embeddable":true,"href":"https:\/\/stopmines81.org\/index.php\/wp-json\/wp\/v2\/comments?post=598"}],"version-history":[{"count":13,"href":"https:\/\/stopmines81.org\/index.php\/wp-json\/wp\/v2\/pages\/598\/revisions"}],"predecessor-version":[{"id":626,"href":"https:\/\/stopmines81.org\/index.php\/wp-json\/wp\/v2\/pages\/598\/revisions\/626"}],"up":[{"embeddable":true,"href":"https:\/\/stopmines81.org\/index.php\/wp-json\/wp\/v2\/pages\/620"}],"wp:attachment":[{"href":"https:\/\/stopmines81.org\/index.php\/wp-json\/wp\/v2\/media?parent=598"}],"curies":[{"name":"wp","href":"https:\/\/api.w.org\/{rel}","templated":true}]}}