{"id":34,"date":"2019-07-14T00:05:14","date_gmt":"2019-07-13T22:05:14","guid":{"rendered":"http:\/\/stopmines81.org\/?page_id=34"},"modified":"2019-07-29T23:28:59","modified_gmt":"2019-07-29T21:28:59","slug":"mentions-legales","status":"publish","type":"page","link":"https:\/\/stopmines81.org\/index.php\/mentions-legales\/","title":{"rendered":"Mentions l\u00e9gales"},"content":{"rendered":"\n<p class=\"has-medium-font-size\"><strong><em>Responsables \u00e9ditoriaux<\/em><\/strong><\/p>\n\n\n\n<p>Le pr\u00e9sident de l&rsquo;association, ou les personnes le repr\u00e9sentant.<\/p>\n\n\n\n<p>Il sera prochainement possible de contacter l&rsquo;administrateur du site en envoyant un courriel \u00e0 une adresse \u00e9lectronique.<\/p>\n\n\n\n<p class=\"has-medium-font-size\"><strong><em>H\u00e9bergement du site<\/em><\/strong><\/p>\n\n\n\n<p>Le site internet &lsquo;stopmines81.org&rsquo; est h\u00e9berg\u00e9 par la soci\u00e9t\u00e9 OVH.<br> Adresse web : <a href=\"http:\/\/www.ovh.com\">www.ovh.com<\/a><br> Adresse Postale : 2 rue Kellermann, BP 80157, 59053 ROUBAIX Cedex 1, France<br> T\u00e9l\u00e9phone : +33 (0)8 203 203 63<br> Adresse \u00e9lectronique (E-mail) : <a href=\"mailto:support@ovh.com\">support@ovh.com<\/a><\/p>\n\n\n\n<p class=\"has-medium-font-size\"><strong><em>Informations compl\u00e9mentaires<\/em><\/strong><\/p>\n\n\n\n<p>Liens vers des sites tiers : <strong>stopmines81.org <\/strong>se r\u00e9serve le droit de pointer vers des sites tiers qui ne sont pas sous sa responsabilit\u00e9.<br> Par cons\u00e9quent, <strong>stopmines81.org <\/strong>n\u2019est pas responsable du  contenu de ces sites, des liens qu\u2019ils contiennent, ni des changements  ou mises \u00e0 jour qui leur sont apport\u00e9s.<br><\/p>\n\n\n\n<p class=\"has-medium-font-size\"><strong><em>A propos des cookies<\/em><\/strong><\/p>\n\n\n\n<p>Lors de la consultation du site, des cookies sont d\u00e9pos\u00e9s sur votre ordinateur, votre mobile ou votre tablette.<br><br> La CNIL demande \u00e0 ce qu&rsquo;un avertissement soit mis en place \u00e0 propos des cookies sous les conditions suivantes :<br> &#8211; cookies issus d&rsquo;autres sites que <strong>stopmines81.org<\/strong> (\u00ab\u00a0cookies tiers\u00a0\u00bb)<br> &#8211; les cookies qui ne permettent qu&rsquo;une am\u00e9lioration de l&rsquo;ergonomie (Les  cookies de tra\u00e7age qui permettent une augmentation de la pertinence des  propositions, pour afficher des publicit\u00e9s cibl\u00e9es)<br> &#8211; Les cookies qui comportent des donn\u00e9es personnelles.<br><br> Ne sont pas concern\u00e9s :<br> &#8211; Les cookies n\u00e9cessaires au fonctionnement du site (cookies de session, cookies de connexion automatique).<br><br> Le site Internet <strong>stopmines81.org<\/strong> ne dispose pas de cookies tiers, de tra\u00e7age ni de cookies comportant des donn\u00e9es personnelles.<br><br> Pour plus d\u2019informations vous pouvez consulter le site de la CNIL \u00e0 l\u2019adresse suivante :<br><a href=\"http:\/\/www.cnil.fr\/vos-droits\/vos-traces\/les-cookies\/\">http:\/\/www.cnil.fr\/vos-droits\/vos-traces\/les-cookies\/<\/a><\/p>\n\n\n\n<p class=\"has-medium-font-size\"><strong><em>Donn\u00e9es personnelles<\/em><\/strong><\/p>\n\n\n\n<p> Les informations que vous nous communiquez dans le formulaire de contact sont uniquement utilis\u00e9es dans le cadre de cette prise de contact. En application des articles 38 et  suivants de la loi du 6 janvier 1978, vous b\u00e9n\u00e9ficiez des droits  d\u2019acc\u00e8s, de rectification, de suppression et d\u2019opposition aux  informations vous concernant. Vous pouvez exercer ces droits en nous  \u00e9crivant en nous envoyant un message au travers de ce formulaire.<\/p>\n","protected":false},"excerpt":{"rendered":"<p>Responsables \u00e9ditoriaux Le pr\u00e9sident de l&rsquo;association, ou les personnes le repr\u00e9sentant. Il sera prochainement possible de contacter l&rsquo;administrateur du site en envoyant un courriel \u00e0 une adresse \u00e9lectronique. H\u00e9bergement du site Le site internet &lsquo;stopmines81.org&rsquo; est h\u00e9berg\u00e9 par la soci\u00e9t\u00e9 OVH. Adresse web : www.ovh.com Adresse Postale : 2 rue Kellermann, BP 80157, 59053 ROUBAIX [&hellip;]<\/p>\n","protected":false},"author":3,"featured_media":0,"parent":0,"menu_order":0,"comment_status":"closed","ping_status":"closed","template":"","meta":[],"_links":{"self":[{"href":"https:\/\/stopmines81.org\/index.php\/wp-json\/wp\/v2\/pages\/34"}],"collection":[{"href":"https:\/\/stopmines81.org\/index.php\/wp-json\/wp\/v2\/pages"}],"about":[{"href":"https:\/\/stopmines81.org\/index.php\/wp-json\/wp\/v2\/types\/page"}],"author":[{"embeddable":true,"href":"https:\/\/stopmines81.org\/index.php\/wp-json\/wp\/v2\/users\/3"}],"replies":[{"embeddable":true,"href":"https:\/\/stopmines81.org\/index.php\/wp-json\/wp\/v2\/comments?post=34"}],"version-history":[{"count":7,"href":"https:\/\/stopmines81.org\/index.php\/wp-json\/wp\/v2\/pages\/34\/revisions"}],"predecessor-version":[{"id":163,"href":"https:\/\/stopmines81.org\/index.php\/wp-json\/wp\/v2\/pages\/34\/revisions\/163"}],"wp:attachment":[{"href":"https:\/\/stopmines81.org\/index.php\/wp-json\/wp\/v2\/media?parent=34"}],"curies":[{"name":"wp","href":"https:\/\/api.w.org\/{rel}","templated":true}]}}