{"id":292,"date":"2019-08-20T16:43:40","date_gmt":"2019-08-20T14:43:40","guid":{"rendered":"http:\/\/stopmines81.org\/?page_id=292"},"modified":"2022-03-31T11:55:27","modified_gmt":"2022-03-31T09:55:27","slug":"bientot-une-mine-a-cote-de-chez-vous","status":"publish","type":"page","link":"https:\/\/stopmines81.org\/index.php\/bientot-une-mine-a-cote-de-chez-vous\/","title":{"rendered":"Retrouvez ici tous nos documents."},"content":{"rendered":"\n<p>Argumentaires :<br><a rel=\"noreferrer noopener\" aria-label=\" (s\u2019ouvre dans un nouvel onglet)\" href=\"https:\/\/stopmines81.org\/index.php\/682-2\/\" target=\"_blank\">Bient\u00f4t une mine \u00e0 c\u00f4t\u00e9 de chez vous ?<\/a><br><a rel=\"noreferrer noopener\" aria-label=\" (s\u2019ouvre dans un nouvel onglet)\" href=\"https:\/\/stopmines81.org\/index.php\/2019\/10\/25\/pour-contre-credible\/\" target=\"_blank\">Pour ? Contre ? Cr\u00e9dible !<\/a><br><a rel=\"noreferrer noopener\" aria-label=\" (s\u2019ouvre dans un nouvel onglet)\" href=\"https:\/\/stopmines81.org\/index.php\/702-2\/\" target=\"_blank\">Aie confiance&#8230; Crois en moi<\/a><br><a rel=\"noreferrer noopener\" href=\"http:\/\/stopmines81.org\/index.php\/les-faces-cachees-du-projet\/1-an-lage-de-raison\/\" target=\"_blank\">1 an, l&rsquo;\u00e2ge de raison<\/a><\/p>\n\n\n\n<p>Supports de communication :<br><a rel=\"noreferrer noopener\" href=\"https:\/\/stopmines81.org\/index.php\/nos-panneaux-thematiques\/\" target=\"_blank\">Nos panneaux th\u00e9matiques d&rsquo;information sur ce projet<\/a><br><a rel=\"noreferrer noopener\" href=\"https:\/\/stopmines81.org\/index.php\/les-faces-cachees-du-projet\/les-omissions-et-imprecisions-de-tungstene-du-narbonnais\/\" target=\"_blank\">Les omissions et impr\u00e9cisions de Tungst\u00e8ne du Narbonnais<\/a><\/p>\n\n\n\n<p>Compte-rendus :<br><a rel=\"noreferrer noopener\" aria-label=\" (s\u2019ouvre dans un nouvel onglet)\" href=\"http:\/\/stopmines81.org\/index.php\/2019\/09\/16\/rencontre-avec-le-conseil-municipal-le-vendredi-13-septembre-2019\/\" target=\"_blank\">R\u00e9union du 13.09.2019 avec le Conseil municipal de Fontrieu<\/a> <br><a rel=\"noreferrer noopener\" href=\"http:\/\/stopmines81.org\/wp-content\/uploads\/2019\/09\/13092019_CR_REUNION_ELUS.pdf\" target=\"_blank\">Compte rendu Stop Mines 81 &#8211; R\u00e9union 13.09.2019<\/a> <br><a rel=\"noreferrer noopener\" href=\"http:\/\/stopmines81.org\/index.php\/2019\/11\/11\/reunion-publique-du-30-septembre-2019\/\" target=\"_blank\">R\u00e9union publique du 30.09.2019 organis\u00e9e par les services de l&rsquo;\u00e9tat<\/a><br><a rel=\"noreferrer noopener\" aria-label=\" (s\u2019ouvre dans un nouvel onglet)\" href=\"http:\/\/stopmines81.org\/index.php\/2019\/12\/06\/premiers-regards-sur-la-reunion-du-3-decembre-a-fontrieu\/\" target=\"_blank\">R\u00e9union publique du 03.12.2019 organis\u00e9e par le porteur de projet<\/a><\/p>\n\n\n\n<p>Lettres d&rsquo;information :<br><a rel=\"noreferrer noopener\" aria-label=\" (s\u2019ouvre dans un nouvel onglet)\" href=\"http:\/\/stopmines81.org\/wp-content\/uploads\/2019\/11\/Newsletter1.pdf\" target=\"_blank\">Newsletter 1<\/a> &#8211; <a rel=\"noreferrer noopener\" aria-label=\" (s\u2019ouvre dans un nouvel onglet)\" href=\"http:\/\/stopmines81.org\/wp-content\/uploads\/2019\/12\/Newsletter2.pdf\" target=\"_blank\">Newsletter 2<\/a> &#8211; <a rel=\"noreferrer noopener\" href=\"http:\/\/stopmines81.org\/wp-content\/uploads\/2020\/04\/Newsletter3.pdf\" target=\"_blank\">Newsletter 3<\/a> &#8211; <a rel=\"noreferrer noopener\" href=\"http:\/\/stopmines81.org\/wp-content\/uploads\/2020\/06\/Newsletter4.pdf\" target=\"_blank\">Newsletter 4<\/a> &#8211; <a rel=\"noreferrer noopener\" href=\"http:\/\/stopmines81.org\/wp-content\/uploads\/Newsletter5.pdf\" target=\"_blank\">Newsletter 5<\/a> <br><a rel=\"noreferrer noopener\" href=\"http:\/\/stopmines81.org\/wp-content\/uploads\/Newsletter6.pdf\" target=\"_blank\">Newsletter 6 <\/a> &#8211; <a href=\"http:\/\/stopmines81.org\/wp-content\/uploads\/2021\/04\/Newsletter7.pdf\">Newsletter 7<\/a> &#8211; <a href=\"http:\/\/stopmines81.org\/wp-content\/uploads\/2022\/03\/Newsletter8.pdf\">Newsletter 8<\/a><\/p>\n\n\n\n<p>Retranscriptions :<br><a rel=\"noreferrer noopener\" href=\"http:\/\/stopmines81.org\/wp-content\/uploads\/2019\/11\/30092019.pdf\" target=\"_blank\">R\u00e9union publique du 30.09.2019<\/a><br><a rel=\"noreferrer noopener\" href=\"http:\/\/stopmines81.org\/wp-content\/uploads\/SOURCES\/Retranscription-r\u00e9union-03122019.pdf\" target=\"_blank\">R\u00e9union publique du 03.12.2019<\/a><\/p>\n\n\n\n<p>Vid\u00e9oth\u00e8que :<br><a rel=\"noreferrer noopener\" href=\"https:\/\/stopmines81.org\/wp-content\/uploads\/SOURCES\/18092020.mkv\" target=\"_blank\">R\u00e9union publique 18.09.2020<\/a><\/p>\n\n\n\n<p>Reportages :<br><a rel=\"noreferrer noopener\" aria-label=\" (s\u2019ouvre dans un nouvel onglet)\" href=\"https:\/\/stopmines81.org\/index.php\/rassemblement-citoyen-contre-un-projet-de-mine-a-fontrieu\/\" target=\"_blank\">Rassemblement citoyen contre un projet de mine \u00e0 Fontrieu<\/a><\/p>\n\n\n\n<p>Le coin des artistes :<br><a rel=\"noreferrer noopener\" href=\"http:\/\/stopmines81.org\/wp-content\/uploads\/2020\/05\/poe.png\" target=\"_blank\">Denses, les hautes pierres d&rsquo;Oc<\/a> de Stop Mines 81<br><a rel=\"noreferrer noopener\" aria-label=\" (s\u2019ouvre dans un nouvel onglet)\" href=\"http:\/\/stopmines81.org\/wp-content\/uploads\/poemes\/Question_carottes_navets.pdf\" target=\"_blank\">Question de carottes ou de navets<\/a> de Michel<br><a rel=\"noreferrer noopener\" aria-label=\" (s\u2019ouvre dans un nouvel onglet)\" href=\"http:\/\/stopmines81.org\/wp-content\/uploads\/poemes\/Ici_partout_ailleurs.pdf\" target=\"_blank\">Ici, ailleurs, partout<\/a> de Georges<br><a rel=\"noreferrer noopener\" aria-label=\" (s\u2019ouvre dans un nouvel onglet)\" href=\"https:\/\/stopmines81.org\/index.php\/bientot-une-mine-a-cote-de-chez-vous\/une-plume-contre-la-mine\/\" target=\"_blank\">Les dessins<\/a> d&rsquo;Alain<br><a rel=\"noreferrer noopener\" href=\"http:\/\/stopmines81.org\/wp-content\/uploads\/2020\/08\/Michel_ROUANET-scaled.jpeg\" target=\"_blank\">De la prairie de Sablayrolles \u00e0 la plage de Biarritz-Tous solidaires<\/a> de Michel<\/p>\n","protected":false},"excerpt":{"rendered":"<p>Argumentaires :Bient\u00f4t une mine \u00e0 c\u00f4t\u00e9 de chez vous ?Pour ? Contre ? Cr\u00e9dible !Aie confiance&#8230; Crois en moi1 an, l&rsquo;\u00e2ge de raison Supports de communication :Nos panneaux th\u00e9matiques d&rsquo;information sur ce projetLes omissions et impr\u00e9cisions de Tungst\u00e8ne du Narbonnais Compte-rendus :R\u00e9union du 13.09.2019 avec le Conseil municipal de Fontrieu Compte rendu Stop Mines 81 [&hellip;]<\/p>\n","protected":false},"author":3,"featured_media":0,"parent":0,"menu_order":0,"comment_status":"closed","ping_status":"closed","template":"","meta":[],"_links":{"self":[{"href":"https:\/\/stopmines81.org\/index.php\/wp-json\/wp\/v2\/pages\/292"}],"collection":[{"href":"https:\/\/stopmines81.org\/index.php\/wp-json\/wp\/v2\/pages"}],"about":[{"href":"https:\/\/stopmines81.org\/index.php\/wp-json\/wp\/v2\/types\/page"}],"author":[{"embeddable":true,"href":"https:\/\/stopmines81.org\/index.php\/wp-json\/wp\/v2\/users\/3"}],"replies":[{"embeddable":true,"href":"https:\/\/stopmines81.org\/index.php\/wp-json\/wp\/v2\/comments?post=292"}],"version-history":[{"count":58,"href":"https:\/\/stopmines81.org\/index.php\/wp-json\/wp\/v2\/pages\/292\/revisions"}],"predecessor-version":[{"id":1289,"href":"https:\/\/stopmines81.org\/index.php\/wp-json\/wp\/v2\/pages\/292\/revisions\/1289"}],"wp:attachment":[{"href":"https:\/\/stopmines81.org\/index.php\/wp-json\/wp\/v2\/media?parent=292"}],"curies":[{"name":"wp","href":"https:\/\/api.w.org\/{rel}","templated":true}]}}